{"id":81,"date":"2020-05-29T11:48:17","date_gmt":"2020-05-29T09:48:17","guid":{"rendered":"https:\/\/www.studio-art-design.com\/ph_online1\/?page_id=81"},"modified":"2020-06-01T23:45:08","modified_gmt":"2020-06-01T21:45:08","slug":"das-kondensator-mikrofon","status":"publish","type":"page","link":"https:\/\/www.studio-art-design.com\/blog\/das-kondensator-mikrofon\/","title":{"rendered":"Das Kondensator Mikrofon"},"content":{"rendered":"\n<p>Die Kondensator-Mikrofone (auch bezeichnet als: Gro\u00dfmembran-Kondensatormikrofon) gelten als die hochwertigsten Schallwandler und sind aufgrund ihres Frequenzverlaufes und der Klangcharakteristik bestens f\u00fcr das Tonstudio geeignet. Es gibt hier enorme Preisunterschiede, dennoch bekommt man f\u00fcr relativ wenig Geld (ab ca. Euro 300,-) gute Qualit\u00e4t, die sich im Studio auf jeden Fall bezahlt macht. F\u00fcr ein sehr gutes Kondensator-Mikro\u00adfon muss man mit bis zu Euro 2.000,- und mehr rechnen \u2014 ein bekanntes Studio-Mikrofon ist z.B. das AKG 414, welches in den meisten Stu\u00addios vorhanden ist.<\/p>\n\n\n\n<p>Wie anfangs bereits erl\u00e4utert, brauchen diese Mikrofone eine Phantom-Spannung (Speisespannung), die \u00fcblicherweise vom Mischpult kommt. Diese Spannung betr\u00e4gt ca. 52 Volt (48-60 V). Ein wichtiger Punkt bei Kondesator-Mikrofone ist eine symmetrische Verkabelung, da man dadurch sogenannte Brummschleifen und St\u00f6r<img loading=\"lazy\" decoding=\"async\" width=\"2\" height=\"75\" src=\"http:\/\/studio-art-design.online\/blog1\/das-kondensatormikrofon\/\">ger\u00e4usche ausschlie\u00dfen kann \u2014 dies gilt haupts\u00e4chlich f\u00fcr dyna\u00admische Mikrofone. \u00dcblicherweise werden alle Kondensator-Mi\u00adkrofone mit den sogenannten XLR-Steckern ausgeliefert, die von Haus aus symmetrisch beschaltet sind.<\/p>\n\n\n\n<p>Die Qualit\u00e4t der Mikrofone im Studio ist nat\u00fcrlich essenziell, um entsprechend professionelle Aufnahmen zu erhalten. Aber ebenso wichtig ist, das passende Mikrofon f\u00fcr das jeweilige Instrument einzusetzen. Hier sollte man sich unbedingt an die Herstellerangaben halten, da die meisten Typen der Mikrofone nur f\u00fcr gewisse Instrumente optimiert sind (Gesangsmikrofone, Mikrofone f\u00fcr akustische Instrumente). Es ist ein Unterschied, ob man ein Mikrofon f\u00fcr eine klassische Gitarre oder zum Beispiel einer Trompete verwenden m\u00f6chte.<\/p>\n\n\n\n<p>Ich konnte immer wieder feststellen, dass manche Mikrofone auch f\u00fcr andere Aufnahmesituationen gut geeignet sein k\u00f6nnen, f\u00fcr die sie eigentlich gar nicht vorgesehen sind. Erfahrungswerte sollten speziell mit Mikrofonen gesammelt werden. Die Unterschiede sind meist verbl\u00fcf\u00adfend, ebenso wie die Vielfalt an diversen Mi\u00adkrofonen wie auch Herstellern. Viele Mikro\u00adfone haben die M\u00f6glichkeit, verschiedene Richtcharakteristiken mit einem integrier\u00adten Schalter anzuw\u00e4hlen. Dies ist im harten Studioalltag oft sehr n\u00fctzlich, da man da\u00addurch eine sehr gute Flexibilit\u00e4t erreichen kann. Es besteht n\u00e4mlich immer wieder ein\u00admal die Notwendigkeit, die Richtcharakte\u00adristik bei der Abnahme der jeweiligen Instrumente w\u00e4hrend einer Aufnahmeses\u00adsion zu ver\u00e4ndern.<\/p>\n\n\n\n<p>Sollten die Mikrofone diese Umschaltm\u00f6glichkeit nicht besitzen, werden sie meistens mit der Nieren-Cha\u00adrakteristik versehen. Qualitativ hochwertige Kabel sind notwen\u00addig, um im Studio professionell arbeiten zu k\u00f6nnen. Es h\u00e4tte wenig Sinn, ein gutes Kon\u00addensator-Mikrofon zu ben\u00fctzen, wenn nicht auch ein gutes Kabel verwendet wird. Genauso selbstverst\u00e4ndlich sind hochwer\u00adtige Stecker, am besten mit Goldkontakten.<\/p>\n\n\n\n<p>Man sollte grunds\u00e4tzlich auch sehr sorgsam mit den Studio-Mikrofonen umgehen, dies gilt ganz besonders f\u00fcr die Familie der Kondensator-Mikrofone. Dynamische Mikrofone sind meist f\u00fcr den \u201eON THE ROAD\u201c Betrieb ausgelegt und sind dadurch meist auch robuster gebaut.<\/p>\n\n\n\n<p>__________________________________________________________________________________________________<\/p>\n\n\n\n<p>Das Studiomikrofon, welches weltweit viele Freunde hat, h\u00f6rt auf den schlichten und einfachen Namen \u201eC 414\u201c und ist den meisten hinl\u00e4nglich als solches bestimmt schon ein Begriff. Der Hersteller \u2014 die Firma AKG \u2014 hat aber auch noch andere Highlights im Programm, auf die wir noch zu sprechen kommen. Das AKG C 414 ist ein Kondensator-Gro\u00dfmembranmikrofon. Dieses Mikrofon stellt insgesamt 4 am Mikrofon schaltbare Richtcharakteristiken zur Verf\u00fcgung: Niere, Hyperniere, Kugel und Achter. Es vertr\u00e4gt extremen hohen Pegel, den es verzerrungsfrei wiedergeben kann (140 dB bei 1kHz, mit Abschw\u00e4chung sogar bis 160 bzw. 154 dB !)<\/p>\n\n\n\n<p>Die Vorabschw\u00e4chung kann mit einem eingebauten Schalter am Mikrofon entweder auf 0, -10 dB oder auf -20 dB eingestellt wer\u00adden. Diese Anwendung kann oft sehr hilfreich im Studio sein, wenn wir es mit sehr hohen Pegeln zu tun haben wie zum Beispiel bei einer Trompete. Die normale Ausf\u00fchrung dieses Mikrofones h\u00f6rt auf die genaue Bezeichnung \u201eC 414 B-ULS\u201c, weiterhin gibt es eine trafolose Ausf\u00fchrung mit der Bezeichnung \u201eC 414 B-TL II\u201c. Die Mikrofone der \u201eC 414\u2019er\u201c-Familie klingen sehr angenehm, warm und vor allem sehr neutral. Au\u00dferdem lassen sie sich universell einsetzen, f\u00fcr den Gesang wie auch f\u00fcr die verschiedensten Instrumente.<\/p>\n<div class=\"shariff shariff-align-left shariff-widget-align-left\"><ul class=\"shariff-buttons theme-default orientation-horizontal buttonsize-medium\"><li class=\"shariff-button mastodon shariff-nocustomcolor\" style=\"background-color:#563ACC\"><a href=\"https:\/\/s2f.kytta.dev\/?text=Das%20Kondensator%20Mikrofon https%3A%2F%2Fwww.studio-art-design.com%2Fblog%2Fdas-kondensator-mikrofon%2F\" title=\"Bei Mastodon teilen\" aria-label=\"Bei Mastodon teilen\" role=\"button\" rel=\"noopener nofollow\" class=\"shariff-link\" style=\"; background-color:#6364FF; color:#fff\" target=\"_blank\"><span class=\"shariff-icon\" style=\"\"><svg width=\"75\" height=\"79\" viewBox=\"0 0 75 79\" fill=\"none\" xmlns=\"http:\/\/www.w3.org\/2000\/svg\"><path d=\"M37.813-.025C32.462-.058 27.114.13 21.79.598c-8.544.621-17.214 5.58-20.203 13.931C-1.12 23.318.408 32.622.465 41.65c.375 7.316.943 14.78 3.392 21.73 4.365 9.465 14.781 14.537 24.782 15.385 7.64.698 15.761-.213 22.517-4.026a54.1 54.1 0 0 0 .01-6.232c-6.855 1.316-14.101 2.609-21.049 1.074-3.883-.88-6.876-4.237-7.25-8.215-1.53-3.988 3.78-.43 5.584-.883 9.048 1.224 18.282.776 27.303-.462 7.044-.837 14.26-4.788 16.65-11.833 2.263-6.135 1.215-12.79 1.698-19.177.06-3.84.09-7.692-.262-11.52C72.596 7.844 63.223.981 53.834.684a219.453 219.453 0 0 0-16.022-.71zm11.294 12.882c5.5-.067 10.801 4.143 11.67 9.653.338 1.48.471 3 .471 4.515v21.088h-8.357c-.07-7.588.153-15.182-.131-22.765-.587-4.368-7.04-5.747-9.672-2.397-2.422 3.04-1.47 7.155-1.67 10.735v6.392h-8.307c-.146-4.996.359-10.045-.404-15.002-1.108-4.218-7.809-5.565-10.094-1.666-1.685 3.046-.712 6.634-.976 9.936v14.767h-8.354c.109-8.165-.238-16.344.215-24.5.674-5.346 5.095-10.389 10.676-10.627 4.902-.739 10.103 2.038 12.053 6.631.375 1.435 1.76 1.932 1.994.084 1.844-3.704 5.501-6.739 9.785-6.771.367-.044.735-.068 1.101-.073z\"\/><defs><linearGradient id=\"paint0_linear_549_34\" x1=\"37.0692\" y1=\"0\" x2=\"37.0692\" y2=\"79\" gradientUnits=\"userSpaceOnUse\"><stop stop-color=\"#6364FF\"\/><stop offset=\"1\" stop-color=\"#563ACC\"\/><\/linearGradient><\/defs><\/svg><\/span><span class=\"shariff-text\">teilen<\/span>&nbsp;<\/a><\/li><li class=\"shariff-button facebook shariff-nocustomcolor\" style=\"background-color:#4273c8\"><a href=\"https:\/\/www.facebook.com\/sharer\/sharer.php?u=https%3A%2F%2Fwww.studio-art-design.com%2Fblog%2Fdas-kondensator-mikrofon%2F\" title=\"Bei Facebook teilen\" aria-label=\"Bei Facebook teilen\" role=\"button\" rel=\"nofollow\" class=\"shariff-link\" style=\"; background-color:#3b5998; color:#fff\" target=\"_blank\"><span class=\"shariff-icon\" style=\"\"><svg width=\"32px\" height=\"20px\" xmlns=\"http:\/\/www.w3.org\/2000\/svg\" viewBox=\"0 0 18 32\"><path fill=\"#3b5998\" d=\"M17.1 0.2v4.7h-2.8q-1.5 0-2.1 0.6t-0.5 1.9v3.4h5.2l-0.7 5.3h-4.5v13.6h-5.5v-13.6h-4.5v-5.3h4.5v-3.9q0-3.3 1.9-5.2t5-1.8q2.6 0 4.1 0.2z\"\/><\/svg><\/span><span class=\"shariff-text\">teilen<\/span>&nbsp;<\/a><\/li><li class=\"shariff-button linkedin shariff-nocustomcolor\" style=\"background-color:#1488bf\"><a href=\"https:\/\/www.linkedin.com\/sharing\/share-offsite\/?url=https%3A%2F%2Fwww.studio-art-design.com%2Fblog%2Fdas-kondensator-mikrofon%2F\" title=\"Bei LinkedIn teilen\" aria-label=\"Bei LinkedIn teilen\" role=\"button\" rel=\"noopener nofollow\" class=\"shariff-link\" style=\"; background-color:#0077b5; color:#fff\" target=\"_blank\"><span class=\"shariff-icon\" style=\"\"><svg width=\"32px\" height=\"20px\" xmlns=\"http:\/\/www.w3.org\/2000\/svg\" viewBox=\"0 0 27 32\"><path fill=\"#0077b5\" d=\"M6.2 11.2v17.7h-5.9v-17.7h5.9zM6.6 5.7q0 1.3-0.9 2.2t-2.4 0.9h0q-1.5 0-2.4-0.9t-0.9-2.2 0.9-2.2 2.4-0.9 2.4 0.9 0.9 2.2zM27.4 18.7v10.1h-5.9v-9.5q0-1.9-0.7-2.9t-2.3-1.1q-1.1 0-1.9 0.6t-1.2 1.5q-0.2 0.5-0.2 1.4v9.9h-5.9q0-7.1 0-11.6t0-5.3l0-0.9h5.9v2.6h0q0.4-0.6 0.7-1t1-0.9 1.6-0.8 2-0.3q3 0 4.9 2t1.9 6z\"\/><\/svg><\/span><span class=\"shariff-text\">teilen<\/span>&nbsp;<\/a><\/li><li class=\"shariff-button info shariff-nocustomcolor\" style=\"background-color:#eee\"><a href=\"http:\/\/ct.de\/-2467514\" title=\"Weitere Informationen\" aria-label=\"Weitere Informationen\" role=\"button\" rel=\"noopener \" class=\"shariff-link\" style=\"; background-color:#fff; color:#fff\" target=\"_blank\"><span class=\"shariff-icon\" style=\"\"><svg width=\"32px\" height=\"20px\" xmlns=\"http:\/\/www.w3.org\/2000\/svg\" viewBox=\"0 0 11 32\"><path fill=\"#999\" d=\"M11.4 24v2.3q0 0.5-0.3 0.8t-0.8 0.4h-9.1q-0.5 0-0.8-0.4t-0.4-0.8v-2.3q0-0.5 0.4-0.8t0.8-0.4h1.1v-6.8h-1.1q-0.5 0-0.8-0.4t-0.4-0.8v-2.3q0-0.5 0.4-0.8t0.8-0.4h6.8q0.5 0 0.8 0.4t0.4 0.8v10.3h1.1q0.5 0 0.8 0.4t0.3 0.8zM9.2 3.4v3.4q0 0.5-0.4 0.8t-0.8 0.4h-4.6q-0.4 0-0.8-0.4t-0.4-0.8v-3.4q0-0.4 0.4-0.8t0.8-0.4h4.6q0.5 0 0.8 0.4t0.4 0.8z\"\/><\/svg><\/span><\/a><\/li><\/ul><\/div>","protected":false},"excerpt":{"rendered":"<p>Die Kondensator-Mikrofone (auch bezeichnet als: Gro\u00dfmembran-Kondensatormikrofon) gelten als die hochwertigsten Schallwandler und sind aufgrund ihres Frequenzverlaufes und der Klangcharakteristik bestens[&#8230;]<\/p>\n","protected":false},"author":1,"featured_media":0,"parent":0,"menu_order":0,"comment_status":"closed","ping_status":"closed","template":"","meta":{"footnotes":""},"class_list":["post-81","page","type-page","status-publish","hentry"],"yoast_head":"<!-- This site is optimized with the Yoast SEO plugin v27.6 - https:\/\/yoast.com\/product\/yoast-seo-wordpress\/ -->\n<title>Kondensatormikrofon, Mikrofone, Studiotechnik, Tonstudiotechnik<\/title>\n<meta name=\"description\" content=\"Entscheidend f\u00fcr eine tolle Aufnahme ist sicherlich das richtige Mikrofon, ob das Kondensator- oder Dynamik Mikrofon - alle Mikros haben ihre Eigenheiten...\" \/>\n<meta name=\"robots\" content=\"index, follow, max-snippet:-1, max-image-preview:large, max-video-preview:-1\" \/>\n<link rel=\"canonical\" href=\"https:\/\/www.studio-art-design.com\/blog\/das-kondensator-mikrofon\/\" \/>\n<meta property=\"og:locale\" content=\"de_DE\" \/>\n<meta property=\"og:type\" content=\"article\" \/>\n<meta property=\"og:title\" content=\"Kondensatormikrofon, Mikrofone, Studiotechnik, Tonstudiotechnik\" \/>\n<meta property=\"og:description\" content=\"Entscheidend f\u00fcr eine tolle Aufnahme ist sicherlich das richtige Mikrofon, ob das Kondensator- oder Dynamik Mikrofon - alle Mikros haben ihre Eigenheiten...\" \/>\n<meta property=\"og:url\" content=\"https:\/\/www.studio-art-design.com\/blog\/das-kondensator-mikrofon\/\" \/>\n<meta property=\"og:site_name\" content=\"music_blog\" \/>\n<meta property=\"article:modified_time\" content=\"2020-06-01T21:45:08+00:00\" \/>\n<meta property=\"og:image\" content=\"http:\/\/studio-art-design.online\/blog1\/das-kondensatormikrofon\/\" \/>\n<meta name=\"twitter:card\" content=\"summary_large_image\" \/>\n<meta name=\"twitter:label1\" content=\"Gesch\u00e4tzte Lesezeit\" \/>\n\t<meta name=\"twitter:data1\" content=\"3\u00a0Minuten\" \/>\n<script type=\"application\/ld+json\" class=\"yoast-schema-graph\">{\"@context\":\"https:\\\/\\\/schema.org\",\"@graph\":[{\"@type\":\"WebPage\",\"@id\":\"https:\\\/\\\/www.studio-art-design.com\\\/blog\\\/das-kondensator-mikrofon\\\/\",\"url\":\"https:\\\/\\\/www.studio-art-design.com\\\/blog\\\/das-kondensator-mikrofon\\\/\",\"name\":\"Kondensatormikrofon, Mikrofone, Studiotechnik, Tonstudiotechnik\",\"isPartOf\":{\"@id\":\"https:\\\/\\\/www.studio-art-design.com\\\/blog\\\/#website\"},\"primaryImageOfPage\":{\"@id\":\"https:\\\/\\\/www.studio-art-design.com\\\/blog\\\/das-kondensator-mikrofon\\\/#primaryimage\"},\"image\":{\"@id\":\"https:\\\/\\\/www.studio-art-design.com\\\/blog\\\/das-kondensator-mikrofon\\\/#primaryimage\"},\"thumbnailUrl\":\"http:\\\/\\\/studio-art-design.online\\\/blog1\\\/das-kondensatormikrofon\\\/\",\"datePublished\":\"2020-05-29T09:48:17+00:00\",\"dateModified\":\"2020-06-01T21:45:08+00:00\",\"description\":\"Entscheidend f\u00fcr eine tolle Aufnahme ist sicherlich das richtige Mikrofon, ob das Kondensator- oder Dynamik Mikrofon - alle Mikros haben ihre Eigenheiten...\",\"breadcrumb\":{\"@id\":\"https:\\\/\\\/www.studio-art-design.com\\\/blog\\\/das-kondensator-mikrofon\\\/#breadcrumb\"},\"inLanguage\":\"de\",\"potentialAction\":[{\"@type\":\"ReadAction\",\"target\":[\"https:\\\/\\\/www.studio-art-design.com\\\/blog\\\/das-kondensator-mikrofon\\\/\"]}]},{\"@type\":\"ImageObject\",\"inLanguage\":\"de\",\"@id\":\"https:\\\/\\\/www.studio-art-design.com\\\/blog\\\/das-kondensator-mikrofon\\\/#primaryimage\",\"url\":\"http:\\\/\\\/studio-art-design.online\\\/blog1\\\/das-kondensatormikrofon\\\/\",\"contentUrl\":\"http:\\\/\\\/studio-art-design.online\\\/blog1\\\/das-kondensatormikrofon\\\/\"},{\"@type\":\"BreadcrumbList\",\"@id\":\"https:\\\/\\\/www.studio-art-design.com\\\/blog\\\/das-kondensator-mikrofon\\\/#breadcrumb\",\"itemListElement\":[{\"@type\":\"ListItem\",\"position\":1,\"name\":\"Startseite\",\"item\":\"https:\\\/\\\/www.studio-art-design.com\\\/blog\\\/\"},{\"@type\":\"ListItem\",\"position\":2,\"name\":\"Das Kondensator Mikrofon\"}]},{\"@type\":\"WebSite\",\"@id\":\"https:\\\/\\\/www.studio-art-design.com\\\/blog\\\/#website\",\"url\":\"https:\\\/\\\/www.studio-art-design.com\\\/blog\\\/\",\"name\":\"music_blog\",\"description\":\"Tonstudiotechnik und Musikproduktionen\",\"publisher\":{\"@id\":\"https:\\\/\\\/www.studio-art-design.com\\\/blog\\\/#organization\"},\"potentialAction\":[{\"@type\":\"SearchAction\",\"target\":{\"@type\":\"EntryPoint\",\"urlTemplate\":\"https:\\\/\\\/www.studio-art-design.com\\\/blog\\\/?s={search_term_string}\"},\"query-input\":{\"@type\":\"PropertyValueSpecification\",\"valueRequired\":true,\"valueName\":\"search_term_string\"}}],\"inLanguage\":\"de\"},{\"@type\":\"Organization\",\"@id\":\"https:\\\/\\\/www.studio-art-design.com\\\/blog\\\/#organization\",\"name\":\"Studio ART & DESIGN\",\"url\":\"https:\\\/\\\/www.studio-art-design.com\\\/blog\\\/\",\"logo\":{\"@type\":\"ImageObject\",\"inLanguage\":\"de\",\"@id\":\"https:\\\/\\\/www.studio-art-design.com\\\/blog\\\/#\\\/schema\\\/logo\\\/image\\\/\",\"url\":\"https:\\\/\\\/www.studio-art-design.com\\\/blog\\\/wp-content\\\/uploads\\\/2020\\\/05\\\/StudioLogo_v2-jpeg-small.jpg\",\"contentUrl\":\"https:\\\/\\\/www.studio-art-design.com\\\/blog\\\/wp-content\\\/uploads\\\/2020\\\/05\\\/StudioLogo_v2-jpeg-small.jpg\",\"width\":515,\"height\":324,\"caption\":\"Studio ART & DESIGN\"},\"image\":{\"@id\":\"https:\\\/\\\/www.studio-art-design.com\\\/blog\\\/#\\\/schema\\\/logo\\\/image\\\/\"}}]}<\/script>\n<!-- \/ Yoast SEO plugin. -->","yoast_head_json":{"title":"Kondensatormikrofon, Mikrofone, Studiotechnik, Tonstudiotechnik","description":"Entscheidend f\u00fcr eine tolle Aufnahme ist sicherlich das richtige Mikrofon, ob das Kondensator- oder Dynamik Mikrofon - alle Mikros haben ihre Eigenheiten...","robots":{"index":"index","follow":"follow","max-snippet":"max-snippet:-1","max-image-preview":"max-image-preview:large","max-video-preview":"max-video-preview:-1"},"canonical":"https:\/\/www.studio-art-design.com\/blog\/das-kondensator-mikrofon\/","og_locale":"de_DE","og_type":"article","og_title":"Kondensatormikrofon, Mikrofone, Studiotechnik, Tonstudiotechnik","og_description":"Entscheidend f\u00fcr eine tolle Aufnahme ist sicherlich das richtige Mikrofon, ob das Kondensator- oder Dynamik Mikrofon - alle Mikros haben ihre Eigenheiten...","og_url":"https:\/\/www.studio-art-design.com\/blog\/das-kondensator-mikrofon\/","og_site_name":"music_blog","article_modified_time":"2020-06-01T21:45:08+00:00","og_image":[{"url":"http:\/\/studio-art-design.online\/blog1\/das-kondensatormikrofon\/","type":"","width":"","height":""}],"twitter_card":"summary_large_image","twitter_misc":{"Gesch\u00e4tzte Lesezeit":"3\u00a0Minuten"},"schema":{"@context":"https:\/\/schema.org","@graph":[{"@type":"WebPage","@id":"https:\/\/www.studio-art-design.com\/blog\/das-kondensator-mikrofon\/","url":"https:\/\/www.studio-art-design.com\/blog\/das-kondensator-mikrofon\/","name":"Kondensatormikrofon, Mikrofone, Studiotechnik, Tonstudiotechnik","isPartOf":{"@id":"https:\/\/www.studio-art-design.com\/blog\/#website"},"primaryImageOfPage":{"@id":"https:\/\/www.studio-art-design.com\/blog\/das-kondensator-mikrofon\/#primaryimage"},"image":{"@id":"https:\/\/www.studio-art-design.com\/blog\/das-kondensator-mikrofon\/#primaryimage"},"thumbnailUrl":"http:\/\/studio-art-design.online\/blog1\/das-kondensatormikrofon\/","datePublished":"2020-05-29T09:48:17+00:00","dateModified":"2020-06-01T21:45:08+00:00","description":"Entscheidend f\u00fcr eine tolle Aufnahme ist sicherlich das richtige Mikrofon, ob das Kondensator- oder Dynamik Mikrofon - alle Mikros haben ihre Eigenheiten...","breadcrumb":{"@id":"https:\/\/www.studio-art-design.com\/blog\/das-kondensator-mikrofon\/#breadcrumb"},"inLanguage":"de","potentialAction":[{"@type":"ReadAction","target":["https:\/\/www.studio-art-design.com\/blog\/das-kondensator-mikrofon\/"]}]},{"@type":"ImageObject","inLanguage":"de","@id":"https:\/\/www.studio-art-design.com\/blog\/das-kondensator-mikrofon\/#primaryimage","url":"http:\/\/studio-art-design.online\/blog1\/das-kondensatormikrofon\/","contentUrl":"http:\/\/studio-art-design.online\/blog1\/das-kondensatormikrofon\/"},{"@type":"BreadcrumbList","@id":"https:\/\/www.studio-art-design.com\/blog\/das-kondensator-mikrofon\/#breadcrumb","itemListElement":[{"@type":"ListItem","position":1,"name":"Startseite","item":"https:\/\/www.studio-art-design.com\/blog\/"},{"@type":"ListItem","position":2,"name":"Das Kondensator Mikrofon"}]},{"@type":"WebSite","@id":"https:\/\/www.studio-art-design.com\/blog\/#website","url":"https:\/\/www.studio-art-design.com\/blog\/","name":"music_blog","description":"Tonstudiotechnik und Musikproduktionen","publisher":{"@id":"https:\/\/www.studio-art-design.com\/blog\/#organization"},"potentialAction":[{"@type":"SearchAction","target":{"@type":"EntryPoint","urlTemplate":"https:\/\/www.studio-art-design.com\/blog\/?s={search_term_string}"},"query-input":{"@type":"PropertyValueSpecification","valueRequired":true,"valueName":"search_term_string"}}],"inLanguage":"de"},{"@type":"Organization","@id":"https:\/\/www.studio-art-design.com\/blog\/#organization","name":"Studio ART & DESIGN","url":"https:\/\/www.studio-art-design.com\/blog\/","logo":{"@type":"ImageObject","inLanguage":"de","@id":"https:\/\/www.studio-art-design.com\/blog\/#\/schema\/logo\/image\/","url":"https:\/\/www.studio-art-design.com\/blog\/wp-content\/uploads\/2020\/05\/StudioLogo_v2-jpeg-small.jpg","contentUrl":"https:\/\/www.studio-art-design.com\/blog\/wp-content\/uploads\/2020\/05\/StudioLogo_v2-jpeg-small.jpg","width":515,"height":324,"caption":"Studio ART & DESIGN"},"image":{"@id":"https:\/\/www.studio-art-design.com\/blog\/#\/schema\/logo\/image\/"}}]}},"_links":{"self":[{"href":"https:\/\/www.studio-art-design.com\/blog\/wp-json\/wp\/v2\/pages\/81","targetHints":{"allow":["GET"]}}],"collection":[{"href":"https:\/\/www.studio-art-design.com\/blog\/wp-json\/wp\/v2\/pages"}],"about":[{"href":"https:\/\/www.studio-art-design.com\/blog\/wp-json\/wp\/v2\/types\/page"}],"author":[{"embeddable":true,"href":"https:\/\/www.studio-art-design.com\/blog\/wp-json\/wp\/v2\/users\/1"}],"replies":[{"embeddable":true,"href":"https:\/\/www.studio-art-design.com\/blog\/wp-json\/wp\/v2\/comments?post=81"}],"version-history":[{"count":2,"href":"https:\/\/www.studio-art-design.com\/blog\/wp-json\/wp\/v2\/pages\/81\/revisions"}],"predecessor-version":[{"id":102,"href":"https:\/\/www.studio-art-design.com\/blog\/wp-json\/wp\/v2\/pages\/81\/revisions\/102"}],"wp:attachment":[{"href":"https:\/\/www.studio-art-design.com\/blog\/wp-json\/wp\/v2\/media?parent=81"}],"curies":[{"name":"wp","href":"https:\/\/api.w.org\/{rel}","templated":true}]}}