{"id":78,"date":"2020-05-29T11:47:37","date_gmt":"2020-05-29T09:47:37","guid":{"rendered":"https:\/\/www.studio-art-design.com\/ph_online1\/?page_id=78"},"modified":"2020-06-13T08:20:21","modified_gmt":"2020-06-13T06:20:21","slug":"studiolautsprecher","status":"publish","type":"page","link":"https:\/\/www.studio-art-design.com\/blog\/studiolautsprecher\/","title":{"rendered":"Studiolautsprecher"},"content":{"rendered":"\n<p>Der Lautsprecher im Tonstudio ist ein sehr komplexes Thema, da viele Komponenten auf den Klang einwirken. An und f\u00fcr sich ist ein Lautsprecher nichts anderes als ein Schallwandler, der elektrische Schwingungen in akustische (und somit h\u00f6rbare) umzuwandeln hat. Aber die Lautsprecher m\u00fcssen viele Kriterien erf\u00fcllen, und diese sind sehr hoch angesetzt. Da w\u00e4re zuerst einmal der Klangeindruck. Seine Beurteilung ist subjektiv und l\u00e4sst sich schwer beschreiben. F\u00fcr den einen ist es der Nonplusultra-Klang, dem anderen sagt der Klang \u00fcberhaupt nicht zu. Au\u00dferdem klingt jeder Lautsprecher in jedem Raum anders, da auch die Akustik der R\u00e4umlichkeiten, in denen sie aufgestellt sind, sehr stark in den Klang der Lautsprecher hineinspielen.<\/p>\n\n\n\n<p>Lautsprecher mit dem optimalen Klang wird es nie geben, da viel zu viele Faktoren zusammenkommen und diese auch noch von physikalischen Begleiterscheinungen abh\u00e4ngen. Man braucht nur die verschiedenen Bauweisen der Studiolautsprecher anzuschauen, hier gibt es zum Beispiel:<br><strong>\u2022 Zweiweg-,<br>\u2022 Dreiweg-,<br>\u2022 Vierwegboxen,<\/strong><\/p>\n\n\n\n<p>geschlossen oder mit einer Bassreflex-\u00d6ffnung, passive oder aktive Boxen, und diese Aufz\u00e4hlung k\u00f6nnte noch so weitergehen. Es gibt also die verschiedensten Techniken und Bauweisen. Hier muss jeder selbst herausfinden (am besten durch Ausprobieren), welcher Typ von Lautsprecher in sein Studio passt.<\/p>\n\n\n\n<p>Ein sehr beliebter (passiv) Studiolautsprecher ist zum Beispiel der Yamaha NS10M. Man findet ihn in vielen Studios, er wird aber aufgrund der Leistungsgrenze meist nur als Zweit-Lautsprecher eingesetzt und das als sog. Nahfeldmonitor. Dieser Lautsprecher ist sehr verbreitet und stellt eine \u201erelativ\u201c gute Abh\u00f6re dar. Ein wichtiges Kriterium f\u00fcr gute Studiolautsprecher ist, dass sie m\u00f6glichst neutral klingen sollten. Da nat\u00fcrlich jeder Hersteller dies von seinen \u201eSpr\u00f6\u00dflingen\u201c behauptet, bleibt einem nur \u00fcbrig, selbst Hand bzw. Ohr anzulegen. <a href=\"http:\/\/www.studio-art-design.com\/shop\/produkt-kategorie\/lautsprecher\/\">Eine kleine Auswahl an Studiolautsprecher findet Ihr hier in unserem Shop.<\/a><\/p>\n\n\n\n<p>Vor dem Kauf sollte man unbedingt sicherstellen, dass die Lautsprecher vorab in den eigenen R\u00e4umlichkeiten angetestet werden k\u00f6nnen. Denn leider kann es vorkommen, dass sich die Lautsprecher beim H\u00e4ndler toll anh\u00f6ren, aber daheim in eigenen Studio einfach nach nichts klingen \u2014 auch das gibt es, also Vorsicht. Sollte ein Tontechniker nach erfolgter Produktion den Endmix mit der kompletten Gruppe gemeinsam machen, so wird er ein Lied davon singen k\u00f6nnen, wie schwer dies zu bew\u00e4ltigen ist. <\/p>\n\n\n\n<p>Denn jeder hat ein anderes Empfinden, und jeder Musiker m\u00f6chte meist sein gespieltes Instrument in den Vordergrund stellen \u2014 das kann ich aus Erfahrung nur best\u00e4tigen. <\/p>\n\n\n\n<p>Hinzu kommt, dass die Musiker mit dem Klang der Lautsprecher nicht vertraut sind und daher das eingestellte Klanggemisch auch nicht richtig absch\u00e4tzen k\u00f6nnen. F\u00fcr den einen klingt zum Beispiel die Gitarre optimal, der andere m\u00f6chte gerne mehr B\u00e4sse haben und der dritte verlangt nach mehr Hall \u2014 ein aussichtsloser Weg, so eine Mischung zu Ende zu bringen. <\/p>\n\n\n\n<p>Aus Erfahrung kann ich jedem nur anraten, nur wenige geeignete Musiker der Gruppe bei der Mischung mit einzubeziehen, damit das ganze \u00fcberschaubar bleibt. Ich verwende unterschiedliche Lautsprecher. Einerseits aktive, sowie als auch passive Lautsprecher. (Genelec (aktiv), Yamaha NS10-M (passiv) und Tannoy Lautsprecher (passive) &#8211; alle haben ihre Vor- und Nachteile.<\/p>\n\n\n\n<p><strong>Aktive und passive Lautsprecher<\/strong><br>Ein wesentlicher Unterschied bei Lautsprechern besteht in der Verst\u00e4rkung des Audiosignals. Wenn die Endstufe ins Boxengeh\u00e4use eingebaut wurde, spricht man von Aktiv-Boxen; hat der Lautsprecher selbst keine Endstufe, handelt es sich um eine Passiv-Box. Aufgrund des Platzproblemes und der technischen Einschr\u00e4nkungen sind die eingebauten Endstufen meist nicht so stark dimensioniert. Das hei\u00dft, die Ausgangsleistung ist meist nicht so hoch und reicht je nach Typ bis zu 150 Watt Sinusleistung\u2026 au\u00dfer man hat noch ein dickeres Sparbuch, das man pl\u00fcndern kann, denn es gibt nat\u00fcrlich auch Top-Lautsprecher mit einer dicken Endstufe, die aber ihren Preis haben und nur Mercedes-Fahrer bekommen.<\/p>\n\n\n\n<p>Die Vorteile von Aktiv-Boxen liegen meistens im Frequenz- und Phasengang, und man kann davon au gehen, dass die technischenWerte optimal aufeinander abgestimmt sind. Denn dies ist leider bei herk\u00f6mmlichen Systemen nicht immer der Fall, wenn wir von Passiv-Lautsprechern sprechen. Bei Passiv-Lautsprechern ist keine Endstufe ins Boxengeh\u00e4use eingebaut. Man sollte also tunlichst auf die Abstimmung zwischen der separaten Endstufe (Verst\u00e4rker) und den Lautsprechern achten. <\/p>\n\n\n\n<p>Es ist empfehlenswert, die Leistung des Verst\u00e4rkers h\u00f6her zu w\u00e4hlen als die der Lautsprecher, um auch bei wirklich gro\u00dfen Signalspitzen keine Verzerrungen zu bekommen und gewisse Reserven zu haben. Wichtig ist dabei aber auf alle F\u00e4lle, dass der Eingangspegel bzw. die Lautst\u00e4rke beim Verst\u00e4rker so eingestellt ist, dass man nicht \u00fcber einen gewissen Bereich hinauskommt. <\/p>\n\n\n\n<p>Dadurch l\u00e4uft man nicht so schnell Gefahr, die Lautsprecher \u201eabzustechen\u201c. Leider kommt dies immer wieder einmal vor, denn in der Hitze des Gefechts mit einem k\u00fcnftigen Hit kann man leicht schon einmal ausrasten und sehr laut aufdrehen. Der Defekt am Lautsprecher ist dann schneller da, als man denkt.<\/p>\n\n\n\n<p>Die Verst\u00e4rker f\u00fcr die verwendeten Passiv-Lautsprecher sollten vorz\u00fcglich und speziell f\u00fcr den Monitorbetrieb eines Studios ausgelegt sein. Diese sollten unbedingt symmetrische Eing\u00e4nge aufweisen, die direkt mit dem Mischpult verbunden sind. Unter Umst\u00e4nden eignen sich auch gute HIFI-Endstufen, die zum Teil auch sehr gute Klangerlebnisse erwarten lassen. Bei den meisten Studio-Verst\u00e4rkern ist ein Ventilator zur K\u00fchlung des Ger\u00e4tes eingebaut. <\/p>\n\n\n\n<p>Der dabei auftretende Ger\u00e4uschpegel kann sehr nervend sein, deshalb sollte man sich f\u00fcr einen Verst\u00e4rker entscheiden, der ohne diesen auskommt oder zumindest sehr leise arbeitet. Ab einer gewissen Leistung geht es bei den Endstufen bedauerlicherweise nicht mehr ohne Ventilator. Beim Kauf des Verst\u00e4rkers sollte man gut auf die technischen Werte achten, vor allem in Zusammenspiel mit den Studio-Lautsprechern. Aktiv-Lautsprecher sind grunds\u00e4tzlich die bessere Wahl, haben aber leider auch ihren Preis.<\/p>\n<div class=\"shariff shariff-align-left shariff-widget-align-left\"><ul class=\"shariff-buttons theme-default orientation-horizontal buttonsize-medium\"><li class=\"shariff-button mastodon shariff-nocustomcolor\" style=\"background-color:#563ACC\"><a href=\"https:\/\/s2f.kytta.dev\/?text=Studiolautsprecher https%3A%2F%2Fwww.studio-art-design.com%2Fblog%2Fstudiolautsprecher%2F\" title=\"Bei Mastodon teilen\" aria-label=\"Bei Mastodon teilen\" role=\"button\" rel=\"noopener nofollow\" class=\"shariff-link\" style=\"; background-color:#6364FF; color:#fff\" target=\"_blank\"><span class=\"shariff-icon\" style=\"\"><svg width=\"75\" height=\"79\" viewBox=\"0 0 75 79\" fill=\"none\" xmlns=\"http:\/\/www.w3.org\/2000\/svg\"><path d=\"M37.813-.025C32.462-.058 27.114.13 21.79.598c-8.544.621-17.214 5.58-20.203 13.931C-1.12 23.318.408 32.622.465 41.65c.375 7.316.943 14.78 3.392 21.73 4.365 9.465 14.781 14.537 24.782 15.385 7.64.698 15.761-.213 22.517-4.026a54.1 54.1 0 0 0 .01-6.232c-6.855 1.316-14.101 2.609-21.049 1.074-3.883-.88-6.876-4.237-7.25-8.215-1.53-3.988 3.78-.43 5.584-.883 9.048 1.224 18.282.776 27.303-.462 7.044-.837 14.26-4.788 16.65-11.833 2.263-6.135 1.215-12.79 1.698-19.177.06-3.84.09-7.692-.262-11.52C72.596 7.844 63.223.981 53.834.684a219.453 219.453 0 0 0-16.022-.71zm11.294 12.882c5.5-.067 10.801 4.143 11.67 9.653.338 1.48.471 3 .471 4.515v21.088h-8.357c-.07-7.588.153-15.182-.131-22.765-.587-4.368-7.04-5.747-9.672-2.397-2.422 3.04-1.47 7.155-1.67 10.735v6.392h-8.307c-.146-4.996.359-10.045-.404-15.002-1.108-4.218-7.809-5.565-10.094-1.666-1.685 3.046-.712 6.634-.976 9.936v14.767h-8.354c.109-8.165-.238-16.344.215-24.5.674-5.346 5.095-10.389 10.676-10.627 4.902-.739 10.103 2.038 12.053 6.631.375 1.435 1.76 1.932 1.994.084 1.844-3.704 5.501-6.739 9.785-6.771.367-.044.735-.068 1.101-.073z\"\/><defs><linearGradient id=\"paint0_linear_549_34\" x1=\"37.0692\" y1=\"0\" x2=\"37.0692\" y2=\"79\" gradientUnits=\"userSpaceOnUse\"><stop stop-color=\"#6364FF\"\/><stop offset=\"1\" stop-color=\"#563ACC\"\/><\/linearGradient><\/defs><\/svg><\/span><span class=\"shariff-text\">teilen<\/span>&nbsp;<\/a><\/li><li class=\"shariff-button facebook shariff-nocustomcolor\" style=\"background-color:#4273c8\"><a href=\"https:\/\/www.facebook.com\/sharer\/sharer.php?u=https%3A%2F%2Fwww.studio-art-design.com%2Fblog%2Fstudiolautsprecher%2F\" title=\"Bei Facebook teilen\" aria-label=\"Bei Facebook teilen\" role=\"button\" rel=\"nofollow\" class=\"shariff-link\" style=\"; background-color:#3b5998; color:#fff\" target=\"_blank\"><span class=\"shariff-icon\" style=\"\"><svg width=\"32px\" height=\"20px\" xmlns=\"http:\/\/www.w3.org\/2000\/svg\" viewBox=\"0 0 18 32\"><path fill=\"#3b5998\" d=\"M17.1 0.2v4.7h-2.8q-1.5 0-2.1 0.6t-0.5 1.9v3.4h5.2l-0.7 5.3h-4.5v13.6h-5.5v-13.6h-4.5v-5.3h4.5v-3.9q0-3.3 1.9-5.2t5-1.8q2.6 0 4.1 0.2z\"\/><\/svg><\/span><span class=\"shariff-text\">teilen<\/span>&nbsp;<\/a><\/li><li class=\"shariff-button linkedin shariff-nocustomcolor\" style=\"background-color:#1488bf\"><a href=\"https:\/\/www.linkedin.com\/sharing\/share-offsite\/?url=https%3A%2F%2Fwww.studio-art-design.com%2Fblog%2Fstudiolautsprecher%2F\" title=\"Bei LinkedIn teilen\" aria-label=\"Bei LinkedIn teilen\" role=\"button\" rel=\"noopener nofollow\" class=\"shariff-link\" style=\"; background-color:#0077b5; color:#fff\" target=\"_blank\"><span class=\"shariff-icon\" style=\"\"><svg width=\"32px\" height=\"20px\" xmlns=\"http:\/\/www.w3.org\/2000\/svg\" viewBox=\"0 0 27 32\"><path fill=\"#0077b5\" d=\"M6.2 11.2v17.7h-5.9v-17.7h5.9zM6.6 5.7q0 1.3-0.9 2.2t-2.4 0.9h0q-1.5 0-2.4-0.9t-0.9-2.2 0.9-2.2 2.4-0.9 2.4 0.9 0.9 2.2zM27.4 18.7v10.1h-5.9v-9.5q0-1.9-0.7-2.9t-2.3-1.1q-1.1 0-1.9 0.6t-1.2 1.5q-0.2 0.5-0.2 1.4v9.9h-5.9q0-7.1 0-11.6t0-5.3l0-0.9h5.9v2.6h0q0.4-0.6 0.7-1t1-0.9 1.6-0.8 2-0.3q3 0 4.9 2t1.9 6z\"\/><\/svg><\/span><span class=\"shariff-text\">teilen<\/span>&nbsp;<\/a><\/li><li class=\"shariff-button info shariff-nocustomcolor\" style=\"background-color:#eee\"><a href=\"http:\/\/ct.de\/-2467514\" title=\"Weitere Informationen\" aria-label=\"Weitere Informationen\" role=\"button\" rel=\"noopener \" class=\"shariff-link\" style=\"; background-color:#fff; color:#fff\" target=\"_blank\"><span class=\"shariff-icon\" style=\"\"><svg width=\"32px\" height=\"20px\" xmlns=\"http:\/\/www.w3.org\/2000\/svg\" viewBox=\"0 0 11 32\"><path fill=\"#999\" d=\"M11.4 24v2.3q0 0.5-0.3 0.8t-0.8 0.4h-9.1q-0.5 0-0.8-0.4t-0.4-0.8v-2.3q0-0.5 0.4-0.8t0.8-0.4h1.1v-6.8h-1.1q-0.5 0-0.8-0.4t-0.4-0.8v-2.3q0-0.5 0.4-0.8t0.8-0.4h6.8q0.5 0 0.8 0.4t0.4 0.8v10.3h1.1q0.5 0 0.8 0.4t0.3 0.8zM9.2 3.4v3.4q0 0.5-0.4 0.8t-0.8 0.4h-4.6q-0.4 0-0.8-0.4t-0.4-0.8v-3.4q0-0.4 0.4-0.8t0.8-0.4h4.6q0.5 0 0.8 0.4t0.4 0.8z\"\/><\/svg><\/span><\/a><\/li><\/ul><\/div>","protected":false},"excerpt":{"rendered":"<p>Der Lautsprecher im Tonstudio ist ein sehr komplexes Thema, da viele Komponenten auf den Klang einwirken. An und f\u00fcr sich[&#8230;]<\/p>\n","protected":false},"author":1,"featured_media":0,"parent":0,"menu_order":0,"comment_status":"closed","ping_status":"closed","template":"","meta":{"footnotes":""},"class_list":["post-78","page","type-page","status-publish","hentry"],"yoast_head":"<!-- This site is optimized with the Yoast SEO plugin v27.6 - https:\/\/yoast.com\/product\/yoast-seo-wordpress\/ -->\n<title>Studiolautsprecher, Tonstudiotechnik, Musikproduktionen, music_blog<\/title>\n<meta name=\"description\" content=\"Das Lautsprecher im Studio eine Sonderrolle haben, wei\u00df jeder - warum: Wir reagieren auf das was wir h\u00f6ren - so sollten sie m\u00f6glichst Neutral klingen!\" \/>\n<meta name=\"robots\" content=\"index, follow, max-snippet:-1, max-image-preview:large, max-video-preview:-1\" \/>\n<link rel=\"canonical\" href=\"https:\/\/www.studio-art-design.com\/blog\/studiolautsprecher\/\" \/>\n<meta property=\"og:locale\" content=\"de_DE\" \/>\n<meta property=\"og:type\" content=\"article\" \/>\n<meta property=\"og:title\" content=\"Studiolautsprecher, Tonstudiotechnik, Musikproduktionen, music_blog\" \/>\n<meta property=\"og:description\" content=\"Das Lautsprecher im Studio eine Sonderrolle haben, wei\u00df jeder - warum: Wir reagieren auf das was wir h\u00f6ren - so sollten sie m\u00f6glichst Neutral klingen!\" \/>\n<meta property=\"og:url\" content=\"https:\/\/www.studio-art-design.com\/blog\/studiolautsprecher\/\" \/>\n<meta property=\"og:site_name\" content=\"music_blog\" \/>\n<meta property=\"article:modified_time\" content=\"2020-06-13T06:20:21+00:00\" \/>\n<meta name=\"twitter:card\" content=\"summary_large_image\" \/>\n<meta name=\"twitter:label1\" content=\"Gesch\u00e4tzte Lesezeit\" \/>\n\t<meta name=\"twitter:data1\" content=\"5\u00a0Minuten\" \/>\n<script type=\"application\/ld+json\" class=\"yoast-schema-graph\">{\"@context\":\"https:\\\/\\\/schema.org\",\"@graph\":[{\"@type\":\"WebPage\",\"@id\":\"https:\\\/\\\/www.studio-art-design.com\\\/blog\\\/studiolautsprecher\\\/\",\"url\":\"https:\\\/\\\/www.studio-art-design.com\\\/blog\\\/studiolautsprecher\\\/\",\"name\":\"Studiolautsprecher, Tonstudiotechnik, Musikproduktionen, music_blog\",\"isPartOf\":{\"@id\":\"https:\\\/\\\/www.studio-art-design.com\\\/blog\\\/#website\"},\"datePublished\":\"2020-05-29T09:47:37+00:00\",\"dateModified\":\"2020-06-13T06:20:21+00:00\",\"description\":\"Das Lautsprecher im Studio eine Sonderrolle haben, wei\u00df jeder - warum: Wir reagieren auf das was wir h\u00f6ren - so sollten sie m\u00f6glichst Neutral klingen!\",\"breadcrumb\":{\"@id\":\"https:\\\/\\\/www.studio-art-design.com\\\/blog\\\/studiolautsprecher\\\/#breadcrumb\"},\"inLanguage\":\"de\",\"potentialAction\":[{\"@type\":\"ReadAction\",\"target\":[\"https:\\\/\\\/www.studio-art-design.com\\\/blog\\\/studiolautsprecher\\\/\"]}]},{\"@type\":\"BreadcrumbList\",\"@id\":\"https:\\\/\\\/www.studio-art-design.com\\\/blog\\\/studiolautsprecher\\\/#breadcrumb\",\"itemListElement\":[{\"@type\":\"ListItem\",\"position\":1,\"name\":\"Startseite\",\"item\":\"https:\\\/\\\/www.studio-art-design.com\\\/blog\\\/\"},{\"@type\":\"ListItem\",\"position\":2,\"name\":\"Studiolautsprecher\"}]},{\"@type\":\"WebSite\",\"@id\":\"https:\\\/\\\/www.studio-art-design.com\\\/blog\\\/#website\",\"url\":\"https:\\\/\\\/www.studio-art-design.com\\\/blog\\\/\",\"name\":\"music_blog\",\"description\":\"Tonstudiotechnik und Musikproduktionen\",\"publisher\":{\"@id\":\"https:\\\/\\\/www.studio-art-design.com\\\/blog\\\/#organization\"},\"potentialAction\":[{\"@type\":\"SearchAction\",\"target\":{\"@type\":\"EntryPoint\",\"urlTemplate\":\"https:\\\/\\\/www.studio-art-design.com\\\/blog\\\/?s={search_term_string}\"},\"query-input\":{\"@type\":\"PropertyValueSpecification\",\"valueRequired\":true,\"valueName\":\"search_term_string\"}}],\"inLanguage\":\"de\"},{\"@type\":\"Organization\",\"@id\":\"https:\\\/\\\/www.studio-art-design.com\\\/blog\\\/#organization\",\"name\":\"Studio ART & DESIGN\",\"url\":\"https:\\\/\\\/www.studio-art-design.com\\\/blog\\\/\",\"logo\":{\"@type\":\"ImageObject\",\"inLanguage\":\"de\",\"@id\":\"https:\\\/\\\/www.studio-art-design.com\\\/blog\\\/#\\\/schema\\\/logo\\\/image\\\/\",\"url\":\"https:\\\/\\\/www.studio-art-design.com\\\/blog\\\/wp-content\\\/uploads\\\/2020\\\/05\\\/StudioLogo_v2-jpeg-small.jpg\",\"contentUrl\":\"https:\\\/\\\/www.studio-art-design.com\\\/blog\\\/wp-content\\\/uploads\\\/2020\\\/05\\\/StudioLogo_v2-jpeg-small.jpg\",\"width\":515,\"height\":324,\"caption\":\"Studio ART & DESIGN\"},\"image\":{\"@id\":\"https:\\\/\\\/www.studio-art-design.com\\\/blog\\\/#\\\/schema\\\/logo\\\/image\\\/\"}}]}<\/script>\n<!-- \/ Yoast SEO plugin. -->","yoast_head_json":{"title":"Studiolautsprecher, Tonstudiotechnik, Musikproduktionen, music_blog","description":"Das Lautsprecher im Studio eine Sonderrolle haben, wei\u00df jeder - warum: Wir reagieren auf das was wir h\u00f6ren - so sollten sie m\u00f6glichst Neutral klingen!","robots":{"index":"index","follow":"follow","max-snippet":"max-snippet:-1","max-image-preview":"max-image-preview:large","max-video-preview":"max-video-preview:-1"},"canonical":"https:\/\/www.studio-art-design.com\/blog\/studiolautsprecher\/","og_locale":"de_DE","og_type":"article","og_title":"Studiolautsprecher, Tonstudiotechnik, Musikproduktionen, music_blog","og_description":"Das Lautsprecher im Studio eine Sonderrolle haben, wei\u00df jeder - warum: Wir reagieren auf das was wir h\u00f6ren - so sollten sie m\u00f6glichst Neutral klingen!","og_url":"https:\/\/www.studio-art-design.com\/blog\/studiolautsprecher\/","og_site_name":"music_blog","article_modified_time":"2020-06-13T06:20:21+00:00","twitter_card":"summary_large_image","twitter_misc":{"Gesch\u00e4tzte Lesezeit":"5\u00a0Minuten"},"schema":{"@context":"https:\/\/schema.org","@graph":[{"@type":"WebPage","@id":"https:\/\/www.studio-art-design.com\/blog\/studiolautsprecher\/","url":"https:\/\/www.studio-art-design.com\/blog\/studiolautsprecher\/","name":"Studiolautsprecher, Tonstudiotechnik, Musikproduktionen, music_blog","isPartOf":{"@id":"https:\/\/www.studio-art-design.com\/blog\/#website"},"datePublished":"2020-05-29T09:47:37+00:00","dateModified":"2020-06-13T06:20:21+00:00","description":"Das Lautsprecher im Studio eine Sonderrolle haben, wei\u00df jeder - warum: Wir reagieren auf das was wir h\u00f6ren - so sollten sie m\u00f6glichst Neutral klingen!","breadcrumb":{"@id":"https:\/\/www.studio-art-design.com\/blog\/studiolautsprecher\/#breadcrumb"},"inLanguage":"de","potentialAction":[{"@type":"ReadAction","target":["https:\/\/www.studio-art-design.com\/blog\/studiolautsprecher\/"]}]},{"@type":"BreadcrumbList","@id":"https:\/\/www.studio-art-design.com\/blog\/studiolautsprecher\/#breadcrumb","itemListElement":[{"@type":"ListItem","position":1,"name":"Startseite","item":"https:\/\/www.studio-art-design.com\/blog\/"},{"@type":"ListItem","position":2,"name":"Studiolautsprecher"}]},{"@type":"WebSite","@id":"https:\/\/www.studio-art-design.com\/blog\/#website","url":"https:\/\/www.studio-art-design.com\/blog\/","name":"music_blog","description":"Tonstudiotechnik und Musikproduktionen","publisher":{"@id":"https:\/\/www.studio-art-design.com\/blog\/#organization"},"potentialAction":[{"@type":"SearchAction","target":{"@type":"EntryPoint","urlTemplate":"https:\/\/www.studio-art-design.com\/blog\/?s={search_term_string}"},"query-input":{"@type":"PropertyValueSpecification","valueRequired":true,"valueName":"search_term_string"}}],"inLanguage":"de"},{"@type":"Organization","@id":"https:\/\/www.studio-art-design.com\/blog\/#organization","name":"Studio ART & DESIGN","url":"https:\/\/www.studio-art-design.com\/blog\/","logo":{"@type":"ImageObject","inLanguage":"de","@id":"https:\/\/www.studio-art-design.com\/blog\/#\/schema\/logo\/image\/","url":"https:\/\/www.studio-art-design.com\/blog\/wp-content\/uploads\/2020\/05\/StudioLogo_v2-jpeg-small.jpg","contentUrl":"https:\/\/www.studio-art-design.com\/blog\/wp-content\/uploads\/2020\/05\/StudioLogo_v2-jpeg-small.jpg","width":515,"height":324,"caption":"Studio ART & DESIGN"},"image":{"@id":"https:\/\/www.studio-art-design.com\/blog\/#\/schema\/logo\/image\/"}}]}},"_links":{"self":[{"href":"https:\/\/www.studio-art-design.com\/blog\/wp-json\/wp\/v2\/pages\/78","targetHints":{"allow":["GET"]}}],"collection":[{"href":"https:\/\/www.studio-art-design.com\/blog\/wp-json\/wp\/v2\/pages"}],"about":[{"href":"https:\/\/www.studio-art-design.com\/blog\/wp-json\/wp\/v2\/types\/page"}],"author":[{"embeddable":true,"href":"https:\/\/www.studio-art-design.com\/blog\/wp-json\/wp\/v2\/users\/1"}],"replies":[{"embeddable":true,"href":"https:\/\/www.studio-art-design.com\/blog\/wp-json\/wp\/v2\/comments?post=78"}],"version-history":[{"count":5,"href":"https:\/\/www.studio-art-design.com\/blog\/wp-json\/wp\/v2\/pages\/78\/revisions"}],"predecessor-version":[{"id":508,"href":"https:\/\/www.studio-art-design.com\/blog\/wp-json\/wp\/v2\/pages\/78\/revisions\/508"}],"wp:attachment":[{"href":"https:\/\/www.studio-art-design.com\/blog\/wp-json\/wp\/v2\/media?parent=78"}],"curies":[{"name":"wp","href":"https:\/\/api.w.org\/{rel}","templated":true}]}}