{"id":72,"date":"2020-05-29T11:46:36","date_gmt":"2020-05-29T09:46:36","guid":{"rendered":"https:\/\/www.studio-art-design.com\/ph_online1\/?page_id=72"},"modified":"2020-06-03T19:17:58","modified_gmt":"2020-06-03T17:17:58","slug":"harddiskrekorder-und-digitalrekorder","status":"publish","type":"page","link":"https:\/\/www.studio-art-design.com\/blog\/harddiskrekorder-und-digitalrekorder\/","title":{"rendered":"Harddiskrekorder und Digitalrekorder"},"content":{"rendered":"\n<p>Viele Studios nehmen ihre Audiospuren direkt in den Sequenzer auf \u2013 wie zum Beispiel \u201eCubase\u201c. Das hat den gro\u00dfen Vorteil, dass die eingestellten MIDI Spuren direkt mit den aufgenommenen Audiospuren synchron sind. Man muss sich um keine weitere Synchronisation zwischen MIDI-Spuren und Audiosignale k\u00fcmmern. Als Nachteil sehe ich jedoch, dass bei einer gr\u00f6\u00dferen Studioproduktion die Bedienung mit der Maus nicht unbedingt komfortabel ist. <\/p>\n\n\n\n<p>Ein angeschlossener Harddiskrekorder hat den Vorteil, dass man von der Bedienung her viel effektiver bei Aufnahmen arbeiten kann. Der Nachteil ist aber auch schnell ersichtlich, da eine Kombination zwischen MIDI- und Audioaufnahmen mit einem externen Harddiskrekorder aufwendig ist. <\/p>\n\n\n\n<p>So ist eine Synchronisation erforderlich zwischen dem externen Harddiskrekorder und einem Computer. \u00c4rgerlich ist, dass der Computer beim starten zum Beispiel unter dem Song etwas Zeit ben\u00f6tigt, damit alles synchron l\u00e4uft. Der Harddiskrekorder ist hier der \u201eMaster\u201c im Synchron Verbund, der Computer hingegen der \u201eSlave\u201c in der Synchronit\u00e4tsverkabelung.<\/p>\n\n\n\n<p>Sollte man eine reine Audioaufnahme planen, so ist der Harddiskrekorder wahrscheinlich die bessere L\u00f6sung, weil von der Bedienung her es einfacher ist und man sich nicht mit einer Computermaus herum\u00e4rgern muss. Hier folgt noch viel weiterer Text\u2026.<\/p>\n\n\n\n<p>Ein toller Vertreter der Harddiskrekorder d\u00fcrfte sicherlich der Fostex D-160 sein \ud83d\ude42<\/p>\n<div class=\"shariff shariff-align-left shariff-widget-align-left\"><ul class=\"shariff-buttons theme-default orientation-horizontal buttonsize-medium\"><li class=\"shariff-button mastodon shariff-nocustomcolor\" style=\"background-color:#563ACC\"><a href=\"https:\/\/s2f.kytta.dev\/?text=Harddiskrekorder%20und%20Digitalrekorder https%3A%2F%2Fwww.studio-art-design.com%2Fblog%2Fharddiskrekorder-und-digitalrekorder%2F\" title=\"Bei Mastodon teilen\" aria-label=\"Bei Mastodon teilen\" role=\"button\" rel=\"noopener nofollow\" class=\"shariff-link\" style=\"; background-color:#6364FF; color:#fff\" target=\"_blank\"><span class=\"shariff-icon\" style=\"\"><svg width=\"75\" height=\"79\" viewBox=\"0 0 75 79\" fill=\"none\" xmlns=\"http:\/\/www.w3.org\/2000\/svg\"><path d=\"M37.813-.025C32.462-.058 27.114.13 21.79.598c-8.544.621-17.214 5.58-20.203 13.931C-1.12 23.318.408 32.622.465 41.65c.375 7.316.943 14.78 3.392 21.73 4.365 9.465 14.781 14.537 24.782 15.385 7.64.698 15.761-.213 22.517-4.026a54.1 54.1 0 0 0 .01-6.232c-6.855 1.316-14.101 2.609-21.049 1.074-3.883-.88-6.876-4.237-7.25-8.215-1.53-3.988 3.78-.43 5.584-.883 9.048 1.224 18.282.776 27.303-.462 7.044-.837 14.26-4.788 16.65-11.833 2.263-6.135 1.215-12.79 1.698-19.177.06-3.84.09-7.692-.262-11.52C72.596 7.844 63.223.981 53.834.684a219.453 219.453 0 0 0-16.022-.71zm11.294 12.882c5.5-.067 10.801 4.143 11.67 9.653.338 1.48.471 3 .471 4.515v21.088h-8.357c-.07-7.588.153-15.182-.131-22.765-.587-4.368-7.04-5.747-9.672-2.397-2.422 3.04-1.47 7.155-1.67 10.735v6.392h-8.307c-.146-4.996.359-10.045-.404-15.002-1.108-4.218-7.809-5.565-10.094-1.666-1.685 3.046-.712 6.634-.976 9.936v14.767h-8.354c.109-8.165-.238-16.344.215-24.5.674-5.346 5.095-10.389 10.676-10.627 4.902-.739 10.103 2.038 12.053 6.631.375 1.435 1.76 1.932 1.994.084 1.844-3.704 5.501-6.739 9.785-6.771.367-.044.735-.068 1.101-.073z\"\/><defs><linearGradient id=\"paint0_linear_549_34\" x1=\"37.0692\" y1=\"0\" x2=\"37.0692\" y2=\"79\" gradientUnits=\"userSpaceOnUse\"><stop stop-color=\"#6364FF\"\/><stop offset=\"1\" stop-color=\"#563ACC\"\/><\/linearGradient><\/defs><\/svg><\/span><span class=\"shariff-text\">teilen<\/span>&nbsp;<\/a><\/li><li class=\"shariff-button facebook shariff-nocustomcolor\" style=\"background-color:#4273c8\"><a href=\"https:\/\/www.facebook.com\/sharer\/sharer.php?u=https%3A%2F%2Fwww.studio-art-design.com%2Fblog%2Fharddiskrekorder-und-digitalrekorder%2F\" title=\"Bei Facebook teilen\" aria-label=\"Bei Facebook teilen\" role=\"button\" rel=\"nofollow\" class=\"shariff-link\" style=\"; background-color:#3b5998; color:#fff\" target=\"_blank\"><span class=\"shariff-icon\" style=\"\"><svg width=\"32px\" height=\"20px\" xmlns=\"http:\/\/www.w3.org\/2000\/svg\" viewBox=\"0 0 18 32\"><path fill=\"#3b5998\" d=\"M17.1 0.2v4.7h-2.8q-1.5 0-2.1 0.6t-0.5 1.9v3.4h5.2l-0.7 5.3h-4.5v13.6h-5.5v-13.6h-4.5v-5.3h4.5v-3.9q0-3.3 1.9-5.2t5-1.8q2.6 0 4.1 0.2z\"\/><\/svg><\/span><span class=\"shariff-text\">teilen<\/span>&nbsp;<\/a><\/li><li class=\"shariff-button linkedin shariff-nocustomcolor\" style=\"background-color:#1488bf\"><a href=\"https:\/\/www.linkedin.com\/sharing\/share-offsite\/?url=https%3A%2F%2Fwww.studio-art-design.com%2Fblog%2Fharddiskrekorder-und-digitalrekorder%2F\" title=\"Bei LinkedIn teilen\" aria-label=\"Bei LinkedIn teilen\" role=\"button\" rel=\"noopener nofollow\" class=\"shariff-link\" style=\"; background-color:#0077b5; color:#fff\" target=\"_blank\"><span class=\"shariff-icon\" style=\"\"><svg width=\"32px\" height=\"20px\" xmlns=\"http:\/\/www.w3.org\/2000\/svg\" viewBox=\"0 0 27 32\"><path fill=\"#0077b5\" d=\"M6.2 11.2v17.7h-5.9v-17.7h5.9zM6.6 5.7q0 1.3-0.9 2.2t-2.4 0.9h0q-1.5 0-2.4-0.9t-0.9-2.2 0.9-2.2 2.4-0.9 2.4 0.9 0.9 2.2zM27.4 18.7v10.1h-5.9v-9.5q0-1.9-0.7-2.9t-2.3-1.1q-1.1 0-1.9 0.6t-1.2 1.5q-0.2 0.5-0.2 1.4v9.9h-5.9q0-7.1 0-11.6t0-5.3l0-0.9h5.9v2.6h0q0.4-0.6 0.7-1t1-0.9 1.6-0.8 2-0.3q3 0 4.9 2t1.9 6z\"\/><\/svg><\/span><span class=\"shariff-text\">teilen<\/span>&nbsp;<\/a><\/li><li class=\"shariff-button info shariff-nocustomcolor\" style=\"background-color:#eee\"><a href=\"http:\/\/ct.de\/-2467514\" title=\"Weitere Informationen\" aria-label=\"Weitere Informationen\" role=\"button\" rel=\"noopener \" class=\"shariff-link\" style=\"; background-color:#fff; color:#fff\" target=\"_blank\"><span class=\"shariff-icon\" style=\"\"><svg width=\"32px\" height=\"20px\" xmlns=\"http:\/\/www.w3.org\/2000\/svg\" viewBox=\"0 0 11 32\"><path fill=\"#999\" d=\"M11.4 24v2.3q0 0.5-0.3 0.8t-0.8 0.4h-9.1q-0.5 0-0.8-0.4t-0.4-0.8v-2.3q0-0.5 0.4-0.8t0.8-0.4h1.1v-6.8h-1.1q-0.5 0-0.8-0.4t-0.4-0.8v-2.3q0-0.5 0.4-0.8t0.8-0.4h6.8q0.5 0 0.8 0.4t0.4 0.8v10.3h1.1q0.5 0 0.8 0.4t0.3 0.8zM9.2 3.4v3.4q0 0.5-0.4 0.8t-0.8 0.4h-4.6q-0.4 0-0.8-0.4t-0.4-0.8v-3.4q0-0.4 0.4-0.8t0.8-0.4h4.6q0.5 0 0.8 0.4t0.4 0.8z\"\/><\/svg><\/span><\/a><\/li><\/ul><\/div>","protected":false},"excerpt":{"rendered":"<p>Viele Studios nehmen ihre Audiospuren direkt in den Sequenzer auf \u2013 wie zum Beispiel \u201eCubase\u201c. Das hat den gro\u00dfen Vorteil,[&#8230;]<\/p>\n","protected":false},"author":1,"featured_media":0,"parent":0,"menu_order":0,"comment_status":"closed","ping_status":"closed","template":"","meta":{"footnotes":""},"class_list":["post-72","page","type-page","status-publish","hentry"],"yoast_head":"<!-- This site is optimized with the Yoast SEO plugin v27.6 - https:\/\/yoast.com\/product\/yoast-seo-wordpress\/ -->\n<title>Harddiskrekorder und Digitalrekorder - music_blog<\/title>\n<meta name=\"description\" content=\"Harddiskrecorder werden auch heute oft noch in Studios eingesetzt, obwohl sicherlich nicht mer so, da eine DAW diese Rolle \u00fcbernommen hat: music_blog\" \/>\n<meta name=\"robots\" content=\"index, follow, max-snippet:-1, max-image-preview:large, max-video-preview:-1\" \/>\n<link rel=\"canonical\" href=\"https:\/\/www.studio-art-design.com\/blog\/harddiskrekorder-und-digitalrekorder\/\" \/>\n<meta property=\"og:locale\" content=\"de_DE\" \/>\n<meta property=\"og:type\" content=\"article\" \/>\n<meta property=\"og:title\" content=\"Harddiskrekorder und Digitalrekorder - music_blog\" \/>\n<meta property=\"og:description\" content=\"Harddiskrecorder werden auch heute oft noch in Studios eingesetzt, obwohl sicherlich nicht mer so, da eine DAW diese Rolle \u00fcbernommen hat: music_blog\" \/>\n<meta property=\"og:url\" content=\"https:\/\/www.studio-art-design.com\/blog\/harddiskrekorder-und-digitalrekorder\/\" \/>\n<meta property=\"og:site_name\" content=\"music_blog\" \/>\n<meta property=\"article:modified_time\" content=\"2020-06-03T17:17:58+00:00\" \/>\n<meta name=\"twitter:card\" content=\"summary_large_image\" \/>\n<meta name=\"twitter:label1\" content=\"Gesch\u00e4tzte Lesezeit\" \/>\n\t<meta name=\"twitter:data1\" content=\"1\u00a0Minute\" \/>\n<script type=\"application\/ld+json\" class=\"yoast-schema-graph\">{\"@context\":\"https:\\\/\\\/schema.org\",\"@graph\":[{\"@type\":\"WebPage\",\"@id\":\"https:\\\/\\\/www.studio-art-design.com\\\/blog\\\/harddiskrekorder-und-digitalrekorder\\\/\",\"url\":\"https:\\\/\\\/www.studio-art-design.com\\\/blog\\\/harddiskrekorder-und-digitalrekorder\\\/\",\"name\":\"Harddiskrekorder und Digitalrekorder - music_blog\",\"isPartOf\":{\"@id\":\"https:\\\/\\\/www.studio-art-design.com\\\/blog\\\/#website\"},\"datePublished\":\"2020-05-29T09:46:36+00:00\",\"dateModified\":\"2020-06-03T17:17:58+00:00\",\"description\":\"Harddiskrecorder werden auch heute oft noch in Studios eingesetzt, obwohl sicherlich nicht mer so, da eine DAW diese Rolle \u00fcbernommen hat: music_blog\",\"breadcrumb\":{\"@id\":\"https:\\\/\\\/www.studio-art-design.com\\\/blog\\\/harddiskrekorder-und-digitalrekorder\\\/#breadcrumb\"},\"inLanguage\":\"de\",\"potentialAction\":[{\"@type\":\"ReadAction\",\"target\":[\"https:\\\/\\\/www.studio-art-design.com\\\/blog\\\/harddiskrekorder-und-digitalrekorder\\\/\"]}]},{\"@type\":\"BreadcrumbList\",\"@id\":\"https:\\\/\\\/www.studio-art-design.com\\\/blog\\\/harddiskrekorder-und-digitalrekorder\\\/#breadcrumb\",\"itemListElement\":[{\"@type\":\"ListItem\",\"position\":1,\"name\":\"Startseite\",\"item\":\"https:\\\/\\\/www.studio-art-design.com\\\/blog\\\/\"},{\"@type\":\"ListItem\",\"position\":2,\"name\":\"Harddiskrekorder und Digitalrekorder\"}]},{\"@type\":\"WebSite\",\"@id\":\"https:\\\/\\\/www.studio-art-design.com\\\/blog\\\/#website\",\"url\":\"https:\\\/\\\/www.studio-art-design.com\\\/blog\\\/\",\"name\":\"music_blog\",\"description\":\"Tonstudiotechnik und Musikproduktionen\",\"publisher\":{\"@id\":\"https:\\\/\\\/www.studio-art-design.com\\\/blog\\\/#organization\"},\"potentialAction\":[{\"@type\":\"SearchAction\",\"target\":{\"@type\":\"EntryPoint\",\"urlTemplate\":\"https:\\\/\\\/www.studio-art-design.com\\\/blog\\\/?s={search_term_string}\"},\"query-input\":{\"@type\":\"PropertyValueSpecification\",\"valueRequired\":true,\"valueName\":\"search_term_string\"}}],\"inLanguage\":\"de\"},{\"@type\":\"Organization\",\"@id\":\"https:\\\/\\\/www.studio-art-design.com\\\/blog\\\/#organization\",\"name\":\"Studio ART & DESIGN\",\"url\":\"https:\\\/\\\/www.studio-art-design.com\\\/blog\\\/\",\"logo\":{\"@type\":\"ImageObject\",\"inLanguage\":\"de\",\"@id\":\"https:\\\/\\\/www.studio-art-design.com\\\/blog\\\/#\\\/schema\\\/logo\\\/image\\\/\",\"url\":\"https:\\\/\\\/www.studio-art-design.com\\\/blog\\\/wp-content\\\/uploads\\\/2020\\\/05\\\/StudioLogo_v2-jpeg-small.jpg\",\"contentUrl\":\"https:\\\/\\\/www.studio-art-design.com\\\/blog\\\/wp-content\\\/uploads\\\/2020\\\/05\\\/StudioLogo_v2-jpeg-small.jpg\",\"width\":515,\"height\":324,\"caption\":\"Studio ART & DESIGN\"},\"image\":{\"@id\":\"https:\\\/\\\/www.studio-art-design.com\\\/blog\\\/#\\\/schema\\\/logo\\\/image\\\/\"}}]}<\/script>\n<!-- \/ Yoast SEO plugin. -->","yoast_head_json":{"title":"Harddiskrekorder und Digitalrekorder - music_blog","description":"Harddiskrecorder werden auch heute oft noch in Studios eingesetzt, obwohl sicherlich nicht mer so, da eine DAW diese Rolle \u00fcbernommen hat: music_blog","robots":{"index":"index","follow":"follow","max-snippet":"max-snippet:-1","max-image-preview":"max-image-preview:large","max-video-preview":"max-video-preview:-1"},"canonical":"https:\/\/www.studio-art-design.com\/blog\/harddiskrekorder-und-digitalrekorder\/","og_locale":"de_DE","og_type":"article","og_title":"Harddiskrekorder und Digitalrekorder - music_blog","og_description":"Harddiskrecorder werden auch heute oft noch in Studios eingesetzt, obwohl sicherlich nicht mer so, da eine DAW diese Rolle \u00fcbernommen hat: music_blog","og_url":"https:\/\/www.studio-art-design.com\/blog\/harddiskrekorder-und-digitalrekorder\/","og_site_name":"music_blog","article_modified_time":"2020-06-03T17:17:58+00:00","twitter_card":"summary_large_image","twitter_misc":{"Gesch\u00e4tzte Lesezeit":"1\u00a0Minute"},"schema":{"@context":"https:\/\/schema.org","@graph":[{"@type":"WebPage","@id":"https:\/\/www.studio-art-design.com\/blog\/harddiskrekorder-und-digitalrekorder\/","url":"https:\/\/www.studio-art-design.com\/blog\/harddiskrekorder-und-digitalrekorder\/","name":"Harddiskrekorder und Digitalrekorder - music_blog","isPartOf":{"@id":"https:\/\/www.studio-art-design.com\/blog\/#website"},"datePublished":"2020-05-29T09:46:36+00:00","dateModified":"2020-06-03T17:17:58+00:00","description":"Harddiskrecorder werden auch heute oft noch in Studios eingesetzt, obwohl sicherlich nicht mer so, da eine DAW diese Rolle \u00fcbernommen hat: music_blog","breadcrumb":{"@id":"https:\/\/www.studio-art-design.com\/blog\/harddiskrekorder-und-digitalrekorder\/#breadcrumb"},"inLanguage":"de","potentialAction":[{"@type":"ReadAction","target":["https:\/\/www.studio-art-design.com\/blog\/harddiskrekorder-und-digitalrekorder\/"]}]},{"@type":"BreadcrumbList","@id":"https:\/\/www.studio-art-design.com\/blog\/harddiskrekorder-und-digitalrekorder\/#breadcrumb","itemListElement":[{"@type":"ListItem","position":1,"name":"Startseite","item":"https:\/\/www.studio-art-design.com\/blog\/"},{"@type":"ListItem","position":2,"name":"Harddiskrekorder und Digitalrekorder"}]},{"@type":"WebSite","@id":"https:\/\/www.studio-art-design.com\/blog\/#website","url":"https:\/\/www.studio-art-design.com\/blog\/","name":"music_blog","description":"Tonstudiotechnik und Musikproduktionen","publisher":{"@id":"https:\/\/www.studio-art-design.com\/blog\/#organization"},"potentialAction":[{"@type":"SearchAction","target":{"@type":"EntryPoint","urlTemplate":"https:\/\/www.studio-art-design.com\/blog\/?s={search_term_string}"},"query-input":{"@type":"PropertyValueSpecification","valueRequired":true,"valueName":"search_term_string"}}],"inLanguage":"de"},{"@type":"Organization","@id":"https:\/\/www.studio-art-design.com\/blog\/#organization","name":"Studio ART & DESIGN","url":"https:\/\/www.studio-art-design.com\/blog\/","logo":{"@type":"ImageObject","inLanguage":"de","@id":"https:\/\/www.studio-art-design.com\/blog\/#\/schema\/logo\/image\/","url":"https:\/\/www.studio-art-design.com\/blog\/wp-content\/uploads\/2020\/05\/StudioLogo_v2-jpeg-small.jpg","contentUrl":"https:\/\/www.studio-art-design.com\/blog\/wp-content\/uploads\/2020\/05\/StudioLogo_v2-jpeg-small.jpg","width":515,"height":324,"caption":"Studio ART & DESIGN"},"image":{"@id":"https:\/\/www.studio-art-design.com\/blog\/#\/schema\/logo\/image\/"}}]}},"_links":{"self":[{"href":"https:\/\/www.studio-art-design.com\/blog\/wp-json\/wp\/v2\/pages\/72","targetHints":{"allow":["GET"]}}],"collection":[{"href":"https:\/\/www.studio-art-design.com\/blog\/wp-json\/wp\/v2\/pages"}],"about":[{"href":"https:\/\/www.studio-art-design.com\/blog\/wp-json\/wp\/v2\/types\/page"}],"author":[{"embeddable":true,"href":"https:\/\/www.studio-art-design.com\/blog\/wp-json\/wp\/v2\/users\/1"}],"replies":[{"embeddable":true,"href":"https:\/\/www.studio-art-design.com\/blog\/wp-json\/wp\/v2\/comments?post=72"}],"version-history":[{"count":3,"href":"https:\/\/www.studio-art-design.com\/blog\/wp-json\/wp\/v2\/pages\/72\/revisions"}],"predecessor-version":[{"id":427,"href":"https:\/\/www.studio-art-design.com\/blog\/wp-json\/wp\/v2\/pages\/72\/revisions\/427"}],"wp:attachment":[{"href":"https:\/\/www.studio-art-design.com\/blog\/wp-json\/wp\/v2\/media?parent=72"}],"curies":[{"name":"wp","href":"https:\/\/api.w.org\/{rel}","templated":true}]}}