{"id":213,"date":"2020-05-29T23:54:37","date_gmt":"2020-05-29T21:54:37","guid":{"rendered":"https:\/\/www.studio-art-design.com\/ph_online1\/?page_id=213"},"modified":"2020-05-29T23:57:33","modified_gmt":"2020-05-29T21:57:33","slug":"die-tonaufnahme-bei-hochzeitsvideos","status":"publish","type":"page","link":"https:\/\/www.studio-art-design.com\/blog\/die-tonaufnahme-bei-hochzeitsvideos\/","title":{"rendered":"Die Tonaufnahme bei einer Hochzeit"},"content":{"rendered":"\n<p>M\u00f6chten Sie hingegen ein Hochzeitsvideo mit optimalem Ton produzieren, so werden externe Mikrofone eine gro\u00dfe Hilfe leisten. Jedesmal, wenn ein externes Mikrofon zum Einsatz kommt, erh\u00f6ht sich zwar der Aufwand, aber man darf nicht vergessen, dass damit ein besserer Ton erwartet werden kann. Ein Beispiel: Sie m\u00f6chten die Szenerie im Hochzeitssaal bild- und tontechnisch professionell einfangen. Das Ziel sind Interviews mit verschiedenen G\u00e4sten, w\u00e4hrend die Musik leise im Hintergrund spielt. <\/p>\n\n\n\n<p>Man k\u00f6nnte jetzt einfach die eingebauten Mikros der Kamera verwenden und die Interviews durchf\u00fchren. Das erste Interview findet nahe am Eingang statt, das n\u00e4chste in der Mitte des Saals und das \u00fcbern\u00e4chste nahe an der B\u00fchne. Okay \u2013 was passiert nun mit der Tonaufnahme, wie wird das Ergebnis sich anh\u00f6ren mit den eingebauten Mikros. Leider nicht optimal. Warum? Sie sind mit der Kamera nahe an den Personen, man kann also zumindest hier davon ausgehen, dass die Interviews bestimmt klanglich gut aufgenommen wurden.<\/p>\n\n\n\n<p>Aber das Problem ist die Hintergrundmusik. Sie \u00e4ndern die Position zu den Interviewpartnern, somit \u00e4ndert sich auch das Klangverhalten der Hintergrundmusik. Wenn Sie nun die einzelnen Interviewclips am Computer direkt hintereinander schneiden, so wird man feststellen, dass der eine Hintergrundton ganz und gar nicht zum anderen Hintergrundton passt. Die Klangver\u00e4nderungen des Hintergrundtons werden vermutlich zu stark voneinander abweichen. <\/p>\n\n\n\n<p>Einen harten Schnitt von einem Interview zum anderen kann man wahrscheinlich vergessen \u2013 es wird sich mit dieser Methode einfach nicht professionell anh\u00f6ren. Die L\u00f6sung k\u00f6nnte sein: Zwei Mikros links und rechts vor der B\u00fchne in Richtung zur Band. Dieses Stereosignal wird leise zu der Aufnahme mit den Interviewpartnern mit einem externen Mixer dazugemischt. Man erh\u00e4lt so ein optimales Klangverhalten, da die Musik vom r\u00e4umlichen Bezug stetig die gleiche bleibt, egal wo das Interview stattfindet. F\u00fcr die Aufnahme des Interviews empfiehlt sich ein Reportermikrofon (Richtrohrmikrofon).<\/p>\n\n\n\n<p>Leider gibt es da aber ein anderes Problem: Die im Hindergrund gespielte Musik wird beim Umschnitt nachher sicher nicht mehr zusammenpassen. Das hei\u00dft das Interview ist fertig und hat eine bestimmte L\u00e4nge, das n\u00e4chste Interview findet an einem anderen Platz statt und ist vielleicht k\u00fcrzer. Die Musik im Hintergrund kann also logischerweise so gar nicht in sich richtig zusammengeschnitten werden. Man wird also immer willk\u00fcrliche Schnitte in der Musik haben, wie es sich zuf\u00e4llig eben ergibt. Dass dies nat\u00fcrlich keine zufriedenstellenden Ergebnisse ergibt, ist klar. Die Musik l\u00e4uft sozusagen nicht mehr Rhythmisch durch.<\/p>\n\n\n\n<p>Aber es gibt L\u00f6sungen, welche auch Profis anwenden. Der Trick ist einfach: Nehmen Sie die Interviews m\u00f6glichst ohne Hintergrundmusik auf. Lassen Sie die Kamera bei einem sch\u00f6nen Musiktitel vom Anfang bis zum Ende durchlaufen. Dazu sucht man sich einen g\u00fcnstig akustischen Punkt im Saal und nimmt von dort die Musik mit der Kamera auf. Diese Musik kann dann zu den jeweiligen Interviews bei der Nachbearbeitung leise dazu geschnitten werden. M\u00f6glich w\u00e4re auch, dass man die Musik mit einen externen Audiorekorder aufnimmt (zBsp. Zoom Audiorekorder) und im Studio dann die Musik zum Interview dazu schneidet. Voraussetzung w\u00e4re hier, dass das Interview bei der Hochzeitsveranstaltung nat\u00fcrlich ohne jegliche Musik aufgenommen wird.<\/p>\n\n\n\n<p>Achten sollte man jedoch darauf, dass die Musikband im Hintergrund beim Interview nicht zu sehen ist (Synchronisation!). Wichtig auch die tanzenden G\u00e4ste, die wom\u00f6glich dann nicht mehr zum Rhythmus der vorab aufgenommenen Musik tanzen! Es w\u00fcrde sofort auffallen, dass das ganze nicht synchron zu der dazugeschnittenen Musik passt. Der kleine Trick w\u00fcrde sofort auffliegen und man w\u00fcrde sich wundern, was da passiert ist.<\/p>\n\n\n\n<p>Jetzt k\u00f6nnte die Frage auftauchen, wie das Profis bei Filmaufnahmen machen, wenn im Hintergrund die Musikband bzw. die tanzenden G\u00e4ste aber dennoch im Rhythmus bleiben sollten \u2013 wenn Dialoge zwischen den Schauspielern stattfinden und die Kameraposition sich laufend immer wieder \u00e4ndert. Das bekommt man dann in den Griff, wenn gleichzeitig mehrere Kameras positioniert sind. Der Umschnitt findet dann also nicht mit einer Kamera statt, sondern es wurde sozusagen im direkten Verfahren am Set von einer Kamera auf die andere Kamera geschalten. Aber dazu gibt es auch noch andere Tricks \u2013 Stichwort: Nachsynchronisation!<\/p>\n<div class=\"shariff shariff-align-left shariff-widget-align-left\"><ul class=\"shariff-buttons theme-default orientation-horizontal buttonsize-medium\"><li class=\"shariff-button mastodon shariff-nocustomcolor\" style=\"background-color:#563ACC\"><a href=\"https:\/\/s2f.kytta.dev\/?text=Die%20Tonaufnahme%20bei%20einer%20Hochzeit https%3A%2F%2Fwww.studio-art-design.com%2Fblog%2Fdie-tonaufnahme-bei-hochzeitsvideos%2F\" title=\"Bei Mastodon teilen\" aria-label=\"Bei Mastodon teilen\" role=\"button\" rel=\"noopener nofollow\" class=\"shariff-link\" style=\"; background-color:#6364FF; color:#fff\" target=\"_blank\"><span class=\"shariff-icon\" style=\"\"><svg width=\"75\" height=\"79\" viewBox=\"0 0 75 79\" fill=\"none\" xmlns=\"http:\/\/www.w3.org\/2000\/svg\"><path d=\"M37.813-.025C32.462-.058 27.114.13 21.79.598c-8.544.621-17.214 5.58-20.203 13.931C-1.12 23.318.408 32.622.465 41.65c.375 7.316.943 14.78 3.392 21.73 4.365 9.465 14.781 14.537 24.782 15.385 7.64.698 15.761-.213 22.517-4.026a54.1 54.1 0 0 0 .01-6.232c-6.855 1.316-14.101 2.609-21.049 1.074-3.883-.88-6.876-4.237-7.25-8.215-1.53-3.988 3.78-.43 5.584-.883 9.048 1.224 18.282.776 27.303-.462 7.044-.837 14.26-4.788 16.65-11.833 2.263-6.135 1.215-12.79 1.698-19.177.06-3.84.09-7.692-.262-11.52C72.596 7.844 63.223.981 53.834.684a219.453 219.453 0 0 0-16.022-.71zm11.294 12.882c5.5-.067 10.801 4.143 11.67 9.653.338 1.48.471 3 .471 4.515v21.088h-8.357c-.07-7.588.153-15.182-.131-22.765-.587-4.368-7.04-5.747-9.672-2.397-2.422 3.04-1.47 7.155-1.67 10.735v6.392h-8.307c-.146-4.996.359-10.045-.404-15.002-1.108-4.218-7.809-5.565-10.094-1.666-1.685 3.046-.712 6.634-.976 9.936v14.767h-8.354c.109-8.165-.238-16.344.215-24.5.674-5.346 5.095-10.389 10.676-10.627 4.902-.739 10.103 2.038 12.053 6.631.375 1.435 1.76 1.932 1.994.084 1.844-3.704 5.501-6.739 9.785-6.771.367-.044.735-.068 1.101-.073z\"\/><defs><linearGradient id=\"paint0_linear_549_34\" x1=\"37.0692\" y1=\"0\" x2=\"37.0692\" y2=\"79\" gradientUnits=\"userSpaceOnUse\"><stop stop-color=\"#6364FF\"\/><stop offset=\"1\" stop-color=\"#563ACC\"\/><\/linearGradient><\/defs><\/svg><\/span><span class=\"shariff-text\">teilen<\/span>&nbsp;<\/a><\/li><li class=\"shariff-button facebook shariff-nocustomcolor\" style=\"background-color:#4273c8\"><a href=\"https:\/\/www.facebook.com\/sharer\/sharer.php?u=https%3A%2F%2Fwww.studio-art-design.com%2Fblog%2Fdie-tonaufnahme-bei-hochzeitsvideos%2F\" title=\"Bei Facebook teilen\" aria-label=\"Bei Facebook teilen\" role=\"button\" rel=\"nofollow\" class=\"shariff-link\" style=\"; background-color:#3b5998; color:#fff\" target=\"_blank\"><span class=\"shariff-icon\" style=\"\"><svg width=\"32px\" height=\"20px\" xmlns=\"http:\/\/www.w3.org\/2000\/svg\" viewBox=\"0 0 18 32\"><path fill=\"#3b5998\" d=\"M17.1 0.2v4.7h-2.8q-1.5 0-2.1 0.6t-0.5 1.9v3.4h5.2l-0.7 5.3h-4.5v13.6h-5.5v-13.6h-4.5v-5.3h4.5v-3.9q0-3.3 1.9-5.2t5-1.8q2.6 0 4.1 0.2z\"\/><\/svg><\/span><span class=\"shariff-text\">teilen<\/span>&nbsp;<\/a><\/li><li class=\"shariff-button linkedin shariff-nocustomcolor\" style=\"background-color:#1488bf\"><a href=\"https:\/\/www.linkedin.com\/sharing\/share-offsite\/?url=https%3A%2F%2Fwww.studio-art-design.com%2Fblog%2Fdie-tonaufnahme-bei-hochzeitsvideos%2F\" title=\"Bei LinkedIn teilen\" aria-label=\"Bei LinkedIn teilen\" role=\"button\" rel=\"noopener nofollow\" class=\"shariff-link\" style=\"; background-color:#0077b5; color:#fff\" target=\"_blank\"><span class=\"shariff-icon\" style=\"\"><svg width=\"32px\" height=\"20px\" xmlns=\"http:\/\/www.w3.org\/2000\/svg\" viewBox=\"0 0 27 32\"><path fill=\"#0077b5\" d=\"M6.2 11.2v17.7h-5.9v-17.7h5.9zM6.6 5.7q0 1.3-0.9 2.2t-2.4 0.9h0q-1.5 0-2.4-0.9t-0.9-2.2 0.9-2.2 2.4-0.9 2.4 0.9 0.9 2.2zM27.4 18.7v10.1h-5.9v-9.5q0-1.9-0.7-2.9t-2.3-1.1q-1.1 0-1.9 0.6t-1.2 1.5q-0.2 0.5-0.2 1.4v9.9h-5.9q0-7.1 0-11.6t0-5.3l0-0.9h5.9v2.6h0q0.4-0.6 0.7-1t1-0.9 1.6-0.8 2-0.3q3 0 4.9 2t1.9 6z\"\/><\/svg><\/span><span class=\"shariff-text\">teilen<\/span>&nbsp;<\/a><\/li><li class=\"shariff-button info shariff-nocustomcolor\" style=\"background-color:#eee\"><a href=\"http:\/\/ct.de\/-2467514\" title=\"Weitere Informationen\" aria-label=\"Weitere Informationen\" role=\"button\" rel=\"noopener \" class=\"shariff-link\" style=\"; background-color:#fff; color:#fff\" target=\"_blank\"><span class=\"shariff-icon\" style=\"\"><svg width=\"32px\" height=\"20px\" xmlns=\"http:\/\/www.w3.org\/2000\/svg\" viewBox=\"0 0 11 32\"><path fill=\"#999\" d=\"M11.4 24v2.3q0 0.5-0.3 0.8t-0.8 0.4h-9.1q-0.5 0-0.8-0.4t-0.4-0.8v-2.3q0-0.5 0.4-0.8t0.8-0.4h1.1v-6.8h-1.1q-0.5 0-0.8-0.4t-0.4-0.8v-2.3q0-0.5 0.4-0.8t0.8-0.4h6.8q0.5 0 0.8 0.4t0.4 0.8v10.3h1.1q0.5 0 0.8 0.4t0.3 0.8zM9.2 3.4v3.4q0 0.5-0.4 0.8t-0.8 0.4h-4.6q-0.4 0-0.8-0.4t-0.4-0.8v-3.4q0-0.4 0.4-0.8t0.8-0.4h4.6q0.5 0 0.8 0.4t0.4 0.8z\"\/><\/svg><\/span><\/a><\/li><\/ul><\/div>","protected":false},"excerpt":{"rendered":"<p>M\u00f6chten Sie hingegen ein Hochzeitsvideo mit optimalem Ton produzieren, so werden externe Mikrofone eine gro\u00dfe Hilfe leisten. Jedesmal, wenn ein[&#8230;]<\/p>\n","protected":false},"author":1,"featured_media":0,"parent":0,"menu_order":0,"comment_status":"closed","ping_status":"closed","template":"","meta":{"footnotes":""},"class_list":["post-213","page","type-page","status-publish","hentry"],"yoast_head":"<!-- This site is optimized with the Yoast SEO plugin v27.6 - https:\/\/yoast.com\/product\/yoast-seo-wordpress\/ -->\n<title>Die Tonaufnahme bei einer Hochzeit - music_blog<\/title>\n<meta name=\"robots\" content=\"index, follow, max-snippet:-1, max-image-preview:large, max-video-preview:-1\" \/>\n<link rel=\"canonical\" href=\"https:\/\/www.studio-art-design.com\/blog\/die-tonaufnahme-bei-hochzeitsvideos\/\" \/>\n<meta property=\"og:locale\" content=\"de_DE\" \/>\n<meta property=\"og:type\" content=\"article\" \/>\n<meta property=\"og:title\" content=\"Die Tonaufnahme bei einer Hochzeit - music_blog\" \/>\n<meta property=\"og:description\" content=\"M\u00f6chten Sie hingegen ein Hochzeitsvideo mit optimalem Ton produzieren, so werden externe Mikrofone eine gro\u00dfe Hilfe leisten. Jedesmal, wenn ein[...]\" \/>\n<meta property=\"og:url\" content=\"https:\/\/www.studio-art-design.com\/blog\/die-tonaufnahme-bei-hochzeitsvideos\/\" \/>\n<meta property=\"og:site_name\" content=\"music_blog\" \/>\n<meta property=\"article:modified_time\" content=\"2020-05-29T21:57:33+00:00\" \/>\n<meta name=\"twitter:card\" content=\"summary_large_image\" \/>\n<meta name=\"twitter:label1\" content=\"Gesch\u00e4tzte Lesezeit\" \/>\n\t<meta name=\"twitter:data1\" content=\"3\u00a0Minuten\" \/>\n<script type=\"application\/ld+json\" class=\"yoast-schema-graph\">{\"@context\":\"https:\\\/\\\/schema.org\",\"@graph\":[{\"@type\":\"WebPage\",\"@id\":\"https:\\\/\\\/www.studio-art-design.com\\\/blog\\\/die-tonaufnahme-bei-hochzeitsvideos\\\/\",\"url\":\"https:\\\/\\\/www.studio-art-design.com\\\/blog\\\/die-tonaufnahme-bei-hochzeitsvideos\\\/\",\"name\":\"Die Tonaufnahme bei einer Hochzeit - music_blog\",\"isPartOf\":{\"@id\":\"https:\\\/\\\/www.studio-art-design.com\\\/blog\\\/#website\"},\"datePublished\":\"2020-05-29T21:54:37+00:00\",\"dateModified\":\"2020-05-29T21:57:33+00:00\",\"breadcrumb\":{\"@id\":\"https:\\\/\\\/www.studio-art-design.com\\\/blog\\\/die-tonaufnahme-bei-hochzeitsvideos\\\/#breadcrumb\"},\"inLanguage\":\"de\",\"potentialAction\":[{\"@type\":\"ReadAction\",\"target\":[\"https:\\\/\\\/www.studio-art-design.com\\\/blog\\\/die-tonaufnahme-bei-hochzeitsvideos\\\/\"]}]},{\"@type\":\"BreadcrumbList\",\"@id\":\"https:\\\/\\\/www.studio-art-design.com\\\/blog\\\/die-tonaufnahme-bei-hochzeitsvideos\\\/#breadcrumb\",\"itemListElement\":[{\"@type\":\"ListItem\",\"position\":1,\"name\":\"Startseite\",\"item\":\"https:\\\/\\\/www.studio-art-design.com\\\/blog\\\/\"},{\"@type\":\"ListItem\",\"position\":2,\"name\":\"Die Tonaufnahme bei einer Hochzeit\"}]},{\"@type\":\"WebSite\",\"@id\":\"https:\\\/\\\/www.studio-art-design.com\\\/blog\\\/#website\",\"url\":\"https:\\\/\\\/www.studio-art-design.com\\\/blog\\\/\",\"name\":\"music_blog\",\"description\":\"Tonstudiotechnik und Musikproduktionen\",\"publisher\":{\"@id\":\"https:\\\/\\\/www.studio-art-design.com\\\/blog\\\/#organization\"},\"potentialAction\":[{\"@type\":\"SearchAction\",\"target\":{\"@type\":\"EntryPoint\",\"urlTemplate\":\"https:\\\/\\\/www.studio-art-design.com\\\/blog\\\/?s={search_term_string}\"},\"query-input\":{\"@type\":\"PropertyValueSpecification\",\"valueRequired\":true,\"valueName\":\"search_term_string\"}}],\"inLanguage\":\"de\"},{\"@type\":\"Organization\",\"@id\":\"https:\\\/\\\/www.studio-art-design.com\\\/blog\\\/#organization\",\"name\":\"Studio ART & DESIGN\",\"url\":\"https:\\\/\\\/www.studio-art-design.com\\\/blog\\\/\",\"logo\":{\"@type\":\"ImageObject\",\"inLanguage\":\"de\",\"@id\":\"https:\\\/\\\/www.studio-art-design.com\\\/blog\\\/#\\\/schema\\\/logo\\\/image\\\/\",\"url\":\"https:\\\/\\\/www.studio-art-design.com\\\/blog\\\/wp-content\\\/uploads\\\/2020\\\/05\\\/StudioLogo_v2-jpeg-small.jpg\",\"contentUrl\":\"https:\\\/\\\/www.studio-art-design.com\\\/blog\\\/wp-content\\\/uploads\\\/2020\\\/05\\\/StudioLogo_v2-jpeg-small.jpg\",\"width\":515,\"height\":324,\"caption\":\"Studio ART & DESIGN\"},\"image\":{\"@id\":\"https:\\\/\\\/www.studio-art-design.com\\\/blog\\\/#\\\/schema\\\/logo\\\/image\\\/\"}}]}<\/script>\n<!-- \/ Yoast SEO plugin. -->","yoast_head_json":{"title":"Die Tonaufnahme bei einer Hochzeit - music_blog","robots":{"index":"index","follow":"follow","max-snippet":"max-snippet:-1","max-image-preview":"max-image-preview:large","max-video-preview":"max-video-preview:-1"},"canonical":"https:\/\/www.studio-art-design.com\/blog\/die-tonaufnahme-bei-hochzeitsvideos\/","og_locale":"de_DE","og_type":"article","og_title":"Die Tonaufnahme bei einer Hochzeit - music_blog","og_description":"M\u00f6chten Sie hingegen ein Hochzeitsvideo mit optimalem Ton produzieren, so werden externe Mikrofone eine gro\u00dfe Hilfe leisten. Jedesmal, wenn ein[...]","og_url":"https:\/\/www.studio-art-design.com\/blog\/die-tonaufnahme-bei-hochzeitsvideos\/","og_site_name":"music_blog","article_modified_time":"2020-05-29T21:57:33+00:00","twitter_card":"summary_large_image","twitter_misc":{"Gesch\u00e4tzte Lesezeit":"3\u00a0Minuten"},"schema":{"@context":"https:\/\/schema.org","@graph":[{"@type":"WebPage","@id":"https:\/\/www.studio-art-design.com\/blog\/die-tonaufnahme-bei-hochzeitsvideos\/","url":"https:\/\/www.studio-art-design.com\/blog\/die-tonaufnahme-bei-hochzeitsvideos\/","name":"Die Tonaufnahme bei einer Hochzeit - music_blog","isPartOf":{"@id":"https:\/\/www.studio-art-design.com\/blog\/#website"},"datePublished":"2020-05-29T21:54:37+00:00","dateModified":"2020-05-29T21:57:33+00:00","breadcrumb":{"@id":"https:\/\/www.studio-art-design.com\/blog\/die-tonaufnahme-bei-hochzeitsvideos\/#breadcrumb"},"inLanguage":"de","potentialAction":[{"@type":"ReadAction","target":["https:\/\/www.studio-art-design.com\/blog\/die-tonaufnahme-bei-hochzeitsvideos\/"]}]},{"@type":"BreadcrumbList","@id":"https:\/\/www.studio-art-design.com\/blog\/die-tonaufnahme-bei-hochzeitsvideos\/#breadcrumb","itemListElement":[{"@type":"ListItem","position":1,"name":"Startseite","item":"https:\/\/www.studio-art-design.com\/blog\/"},{"@type":"ListItem","position":2,"name":"Die Tonaufnahme bei einer Hochzeit"}]},{"@type":"WebSite","@id":"https:\/\/www.studio-art-design.com\/blog\/#website","url":"https:\/\/www.studio-art-design.com\/blog\/","name":"music_blog","description":"Tonstudiotechnik und Musikproduktionen","publisher":{"@id":"https:\/\/www.studio-art-design.com\/blog\/#organization"},"potentialAction":[{"@type":"SearchAction","target":{"@type":"EntryPoint","urlTemplate":"https:\/\/www.studio-art-design.com\/blog\/?s={search_term_string}"},"query-input":{"@type":"PropertyValueSpecification","valueRequired":true,"valueName":"search_term_string"}}],"inLanguage":"de"},{"@type":"Organization","@id":"https:\/\/www.studio-art-design.com\/blog\/#organization","name":"Studio ART & DESIGN","url":"https:\/\/www.studio-art-design.com\/blog\/","logo":{"@type":"ImageObject","inLanguage":"de","@id":"https:\/\/www.studio-art-design.com\/blog\/#\/schema\/logo\/image\/","url":"https:\/\/www.studio-art-design.com\/blog\/wp-content\/uploads\/2020\/05\/StudioLogo_v2-jpeg-small.jpg","contentUrl":"https:\/\/www.studio-art-design.com\/blog\/wp-content\/uploads\/2020\/05\/StudioLogo_v2-jpeg-small.jpg","width":515,"height":324,"caption":"Studio ART & DESIGN"},"image":{"@id":"https:\/\/www.studio-art-design.com\/blog\/#\/schema\/logo\/image\/"}}]}},"_links":{"self":[{"href":"https:\/\/www.studio-art-design.com\/blog\/wp-json\/wp\/v2\/pages\/213","targetHints":{"allow":["GET"]}}],"collection":[{"href":"https:\/\/www.studio-art-design.com\/blog\/wp-json\/wp\/v2\/pages"}],"about":[{"href":"https:\/\/www.studio-art-design.com\/blog\/wp-json\/wp\/v2\/types\/page"}],"author":[{"embeddable":true,"href":"https:\/\/www.studio-art-design.com\/blog\/wp-json\/wp\/v2\/users\/1"}],"replies":[{"embeddable":true,"href":"https:\/\/www.studio-art-design.com\/blog\/wp-json\/wp\/v2\/comments?post=213"}],"version-history":[{"count":2,"href":"https:\/\/www.studio-art-design.com\/blog\/wp-json\/wp\/v2\/pages\/213\/revisions"}],"predecessor-version":[{"id":216,"href":"https:\/\/www.studio-art-design.com\/blog\/wp-json\/wp\/v2\/pages\/213\/revisions\/216"}],"wp:attachment":[{"href":"https:\/\/www.studio-art-design.com\/blog\/wp-json\/wp\/v2\/media?parent=213"}],"curies":[{"name":"wp","href":"https:\/\/api.w.org\/{rel}","templated":true}]}}