{"id":207,"date":"2020-05-29T23:37:01","date_gmt":"2020-05-29T21:37:01","guid":{"rendered":"https:\/\/www.studio-art-design.com\/ph_online1\/?page_id=207"},"modified":"2020-06-03T19:36:25","modified_gmt":"2020-06-03T17:36:25","slug":"aufnahmesituation-bei-einem-livekonzert","status":"publish","type":"page","link":"https:\/\/www.studio-art-design.com\/blog\/aufnahmesituation-bei-einem-livekonzert\/","title":{"rendered":"Aufnahmesituation bei einem Livekonzert"},"content":{"rendered":"\n<p>Eine weitere Anwendung f\u00fcr ein Mischpult in Verbindung mit Ihrer Kamera, k\u00f6nnte ein Livekonzert Ihrer befreundeten Musikband sein. Mit dem eingebauten Mikrofon wird man hier wahrscheinlich nicht weit kommen. Externe Mikrofone sind hier unverzichtbar. Aber auch mit nur zwei externen Mikrofonen erh\u00e4lt man nicht optimale Ergebnisse. Man k\u00f6nnte die Mikrofone links und rechts vor der B\u00fchne aufstellen, mit Blickrichtung zur Band und das war\u2019s. Leider d\u00fcrfte der Applaus je nach Gegebenheit vor Ort, entweder zu leise oder wom\u00f6glich auch zu laut sein. Wie bekommt man das aber nun in den Griff? <\/p>\n\n\n\n<p>Die L\u00f6sung w\u00e4ren hier mehrere Mikrofone in Verbindung mit einem kleinen Mischpult. Zwei Mikrofone k\u00f6nnten dann relativ nahe zu den Hauptlautsprechern der PA-Anlage ausgerichtet sein. Achtung: Hier sollte man unbedingt darauf achten, ob die Band alle Instrumente auf die PA-Anlage mischt. Wenn nicht und man hat die Mikrofone wie angef\u00fchrt ausgerichtet, k\u00f6nnte es passieren, dass manche Instrumente dann nicht oder nur schwer h\u00f6rbar sind. Also kurz mit der Band absprechen und ggf. Mikrofone anders ausrichten. Die beiden anderen Mikrofone k\u00f6nnten weiter hinten platziert werden, um so auch das Publikum tontechnisch zu erfassen. Damit h\u00e4tte man die M\u00f6glichkeit, die Liveatmosph\u00e4re perfekt einzufangen. <\/p>\n\n\n\n<p>Wenn man nun die vier Mikrofone direkt \u00fcber das Mischpult auf den Camcorder aufnimmt, so ist ein perfektes Auspegeln notwendig, um keine Verzerrungen zu erhalten. Profis greifen hier auf einen zwischengeschaltenen Kompressor zur\u00fcck. Dadurch sind Pegelspitzen nicht so ein gro\u00dfes Problem, da es vom Kompressor automatisch zur\u00fcckgeregelt wird. Ohne Kompressor ist eine solche Liveaufnahme nur schwer zu b\u00e4ndigen. Ich rate daher unbedingt, einen Kompressor zu verwenden. Es h\u00e4ngt nat\u00fcrlich auch davon ab, welche Livesituation aufzunehmen ist. <\/p>\n\n\n\n<p>Ein Gitarrentrio mit Gesang wird bestimmt nicht solche Spitzenpegel erreichen wie eine Rock-Formation mit \u201ezig\u201c-Verst\u00e4rkern. Noch bessere Ergebnisse w\u00fcrde man hier nat\u00fcrlich dann erzielen, wenn Sie die Aufnahme mit einem gekoppelten Mehrspurrecorder machen w\u00fcrden. So h\u00e4tte man die M\u00f6glichkeit in der Nachbearbeitung, entsprechend die Lautst\u00e4rkeverh\u00e4ltnisse anzupassen. Schlimmstenfalls k\u00f6nnte man sogar eine kurze Verzerrung etwas \u201eabfangen\u201c, indem man kurz zur\u00fcckregelt und andere Spuren etwas aufzieht.<\/p>\n\n\n\n<p>Vielleicht ein kurzer Blick zu den Profis, wie eine solche Situation einer Liveaufnahme tontechnisch umgesetzt wird. Als erstes werden nat\u00fcrlich vorrangig mehrere Mikrofone verwendet. Dies sind meist dynamische Mikrofone, welche \u00fcblicherweise mehr Spitzenpegel ertragen, als zum Beispiel Kondensatormikrofone. Diese Mikrofone werden an unterschiedlichsten Pl\u00e4tzen eingerichtet. Das kann also direkt vor dem Gitarrenverst\u00e4rker, Bassverst\u00e4rker bzw. direkt bei den einzelnen Instrumenten sein. Meist hat auch der Keyboarder einen separaten Monitor und auch dieser erh\u00e4lt ein eigenes Mikro. Das Schlagzeug wird oft mit sogenannten Overheadmikrofonen in Stereo abgenommen. <\/p>\n\n\n\n<p>Zus\u00e4tzlich erh\u00e4lt auch die Bass-Drum und die Snare noch ein separates Mikro. Andere Instrumente werden nach dem gleichen Prinzip mikrofoniert. \u00dcblicherweise verwendet jede Band bei einer Livesession ihren eigenen Mixer f\u00fcr ihre PA-Anlage. Dieser Stereomix wird dann ebenfalls direkt aus der PA-Anlage aufgenommen \u2013 jedes Mischpult wird einen solchen Ausgang verf\u00fcgbar haben. Weiters werden dann noch Mikrofone auf die Zuschauer ausgerichtet, um die Stimmung tontechnisch einzufangen. Mit dieser Methode kommt schnell eine stattliche Anzahl von Mikrofonen zusammen. <\/p>\n\n\n\n<p>Hier ist nat\u00fcrlich ein gro\u00dfes Mischpult unverzichtbar. Diese einzelnen Mikrofone und der PA-Mix werden alle auf separaten Tonspuren (meist Harddisk-Recorder) aufgenommen. Selbstverst\u00e4ndlich wird hier normalerweise immer auch f\u00fcr jeden Kanal noch ein Kompressor verwendet. So sind starke Pegelschwankungen gut in den Griff zu bekommen. Im Studio hat man auf alle einzelnen Spuren dann Zugriff und kann so einen perfekten Mix zum Video erzeugen.<\/p>\n\n\n\n<p>Okay, zugegeben \u2013 der Aufwand f\u00fcr eine derartige Videoaufnahme f\u00fcr die befreundete Musikgruppe w\u00fcrde diesen technischen Wahnsinn sicherlich nicht rechtfertigen. Aber man kann sich doch einige Highlights heraussuchen. Zum einen k\u00f6nnte man auch hier auf die Praxis der Profis zur\u00fcckgreifen, und die beiden Stereokan\u00e4le direkt von der PA-Anlage herausspielen. Zus\u00e4tzlich noch zwei Livemikrofone und man erh\u00e4lt schon beachtliche Ergebnisse. Wichtig: Man sollte die Pegel nicht au\u00dfer acht lassen (Tipp: Kompressor verwenden). Tonverzerrungen k\u00f6nnen meist im Nachhinein nicht mehr beseitigt werden. Nicht vergessen werden darf hier, dass man meist (je nach Gegebenheit) sich auch mit langen Kabeln umherschlagen muss. <\/p>\n\n\n\n<p>Hier w\u00e4re dringend zu empfehlen, m\u00f6glichst mit Funk\u00fcbertragungen zu arbeiten. Diese Ger\u00e4tschaften sind oft schon relativ g\u00fcnstig zu bekommen. In der Praxis zeigt sich in einer solchen Aufnahmesituation, dass die flexible Bewegungsfreiheit von gro\u00dfem Vorteil ist. Wenn man immer Kabel hinterher ziehen muss, wird einem die Freude an der Produktion schnell vergehen. Ganz abgesehen davon, dass Stecker schnell mal herausrutschen k\u00f6nnen und dann der Ton weg ist und die Buchse an der Camcorder dann wom\u00f6glich auch nicht mehr zu gebrauchen ist. Hier sollte man sich gut \u00fcberlegen, wie aufwendig m\u00f6chte man die Live-Musikaufnahme gestalten und nach welchem Prinzip.<\/p>\n\n\n\n<p>Wenn Sie es trotz aller gutgemeinten Ratschl\u00e4ge doch nur mit den eingebauten Mikrofonen der Kamera machen, so kommt gerne folgendes Ph\u00e4nomen zum Vorschein. Sie wechseln bestimmt laufend die Position mit der Kamera. Durch die \u00c4nderung Ihrer Position \u00e4ndert sich auch der Ton. Das hei\u00dft, die Klangfarbe ver\u00e4ndert sich teilweise erheblich und macht solche Tonaufnahmen meist zunichte. Dieser Effekt tritt gerade dann sehr stark in den Vordergrund, wenn die akustische Gegebenheit vor Ort nicht optimal ist. Abhilfe daf\u00fcr wird man so gut wie gar nicht schaffen k\u00f6nnen. <\/p>\n\n\n\n<p>Die einzige L\u00f6sung w\u00e4re, wenn man die Aufnahme in einem perfekten Aufnahmesaal machen k\u00f6nnte, welcher akustisch hervorragend ausgeglichen ist \u2013 aber solche R\u00e4ume sind nur in gro\u00dfen Opernh\u00e4usern oder dergleichen zu finden. Die einfachste L\u00f6sung w\u00e4re folgende: Zwei Funkmikrofone mit optimaler Position zu finden. Hier w\u00e4re vielleicht eine Position links und rechts vor der B\u00fchne empfehlenswert. Ausgerichtet nat\u00fcrlich auf die Band \u2013 nicht zu nahe an den Lautsprechern. Kurz den Pegel abchecken und die Aufnahme kann gestartet werden. Alles ohne Mischpult. <\/p>\n\n\n\n<p>Durch die Funkmikros kann man sich auch noch frei bewegen. Diese M\u00f6glichkeit d\u00fcrfte sicherlich eine der g\u00fcnstigsten und moderatesten sein, um gute Livetonaufnahmen erzielen zu k\u00f6nnen. Oder man stellt eine Funk\u00fcbertragung zwischen dem Live-PA-Mixer und dem Camcorder her und nimmt den PA-Mix der Band so direkt auf.<\/p>\n<div class=\"shariff shariff-align-left shariff-widget-align-left\"><ul class=\"shariff-buttons theme-default orientation-horizontal buttonsize-medium\"><li class=\"shariff-button mastodon shariff-nocustomcolor\" style=\"background-color:#563ACC\"><a href=\"https:\/\/s2f.kytta.dev\/?text=Aufnahmesituation%20bei%20einem%20Livekonzert https%3A%2F%2Fwww.studio-art-design.com%2Fblog%2Faufnahmesituation-bei-einem-livekonzert%2F\" title=\"Bei Mastodon teilen\" aria-label=\"Bei Mastodon teilen\" role=\"button\" rel=\"noopener nofollow\" class=\"shariff-link\" style=\"; background-color:#6364FF; color:#fff\" target=\"_blank\"><span class=\"shariff-icon\" style=\"\"><svg width=\"75\" height=\"79\" viewBox=\"0 0 75 79\" fill=\"none\" xmlns=\"http:\/\/www.w3.org\/2000\/svg\"><path d=\"M37.813-.025C32.462-.058 27.114.13 21.79.598c-8.544.621-17.214 5.58-20.203 13.931C-1.12 23.318.408 32.622.465 41.65c.375 7.316.943 14.78 3.392 21.73 4.365 9.465 14.781 14.537 24.782 15.385 7.64.698 15.761-.213 22.517-4.026a54.1 54.1 0 0 0 .01-6.232c-6.855 1.316-14.101 2.609-21.049 1.074-3.883-.88-6.876-4.237-7.25-8.215-1.53-3.988 3.78-.43 5.584-.883 9.048 1.224 18.282.776 27.303-.462 7.044-.837 14.26-4.788 16.65-11.833 2.263-6.135 1.215-12.79 1.698-19.177.06-3.84.09-7.692-.262-11.52C72.596 7.844 63.223.981 53.834.684a219.453 219.453 0 0 0-16.022-.71zm11.294 12.882c5.5-.067 10.801 4.143 11.67 9.653.338 1.48.471 3 .471 4.515v21.088h-8.357c-.07-7.588.153-15.182-.131-22.765-.587-4.368-7.04-5.747-9.672-2.397-2.422 3.04-1.47 7.155-1.67 10.735v6.392h-8.307c-.146-4.996.359-10.045-.404-15.002-1.108-4.218-7.809-5.565-10.094-1.666-1.685 3.046-.712 6.634-.976 9.936v14.767h-8.354c.109-8.165-.238-16.344.215-24.5.674-5.346 5.095-10.389 10.676-10.627 4.902-.739 10.103 2.038 12.053 6.631.375 1.435 1.76 1.932 1.994.084 1.844-3.704 5.501-6.739 9.785-6.771.367-.044.735-.068 1.101-.073z\"\/><defs><linearGradient id=\"paint0_linear_549_34\" x1=\"37.0692\" y1=\"0\" x2=\"37.0692\" y2=\"79\" gradientUnits=\"userSpaceOnUse\"><stop stop-color=\"#6364FF\"\/><stop offset=\"1\" stop-color=\"#563ACC\"\/><\/linearGradient><\/defs><\/svg><\/span><span class=\"shariff-text\">teilen<\/span>&nbsp;<\/a><\/li><li class=\"shariff-button facebook shariff-nocustomcolor\" style=\"background-color:#4273c8\"><a href=\"https:\/\/www.facebook.com\/sharer\/sharer.php?u=https%3A%2F%2Fwww.studio-art-design.com%2Fblog%2Faufnahmesituation-bei-einem-livekonzert%2F\" title=\"Bei Facebook teilen\" aria-label=\"Bei Facebook teilen\" role=\"button\" rel=\"nofollow\" class=\"shariff-link\" style=\"; background-color:#3b5998; color:#fff\" target=\"_blank\"><span class=\"shariff-icon\" style=\"\"><svg width=\"32px\" height=\"20px\" xmlns=\"http:\/\/www.w3.org\/2000\/svg\" viewBox=\"0 0 18 32\"><path fill=\"#3b5998\" d=\"M17.1 0.2v4.7h-2.8q-1.5 0-2.1 0.6t-0.5 1.9v3.4h5.2l-0.7 5.3h-4.5v13.6h-5.5v-13.6h-4.5v-5.3h4.5v-3.9q0-3.3 1.9-5.2t5-1.8q2.6 0 4.1 0.2z\"\/><\/svg><\/span><span class=\"shariff-text\">teilen<\/span>&nbsp;<\/a><\/li><li class=\"shariff-button linkedin shariff-nocustomcolor\" style=\"background-color:#1488bf\"><a href=\"https:\/\/www.linkedin.com\/sharing\/share-offsite\/?url=https%3A%2F%2Fwww.studio-art-design.com%2Fblog%2Faufnahmesituation-bei-einem-livekonzert%2F\" title=\"Bei LinkedIn teilen\" aria-label=\"Bei LinkedIn teilen\" role=\"button\" rel=\"noopener nofollow\" class=\"shariff-link\" style=\"; background-color:#0077b5; color:#fff\" target=\"_blank\"><span class=\"shariff-icon\" style=\"\"><svg width=\"32px\" height=\"20px\" xmlns=\"http:\/\/www.w3.org\/2000\/svg\" viewBox=\"0 0 27 32\"><path fill=\"#0077b5\" d=\"M6.2 11.2v17.7h-5.9v-17.7h5.9zM6.6 5.7q0 1.3-0.9 2.2t-2.4 0.9h0q-1.5 0-2.4-0.9t-0.9-2.2 0.9-2.2 2.4-0.9 2.4 0.9 0.9 2.2zM27.4 18.7v10.1h-5.9v-9.5q0-1.9-0.7-2.9t-2.3-1.1q-1.1 0-1.9 0.6t-1.2 1.5q-0.2 0.5-0.2 1.4v9.9h-5.9q0-7.1 0-11.6t0-5.3l0-0.9h5.9v2.6h0q0.4-0.6 0.7-1t1-0.9 1.6-0.8 2-0.3q3 0 4.9 2t1.9 6z\"\/><\/svg><\/span><span class=\"shariff-text\">teilen<\/span>&nbsp;<\/a><\/li><li class=\"shariff-button info shariff-nocustomcolor\" style=\"background-color:#eee\"><a href=\"http:\/\/ct.de\/-2467514\" title=\"Weitere Informationen\" aria-label=\"Weitere Informationen\" role=\"button\" rel=\"noopener \" class=\"shariff-link\" style=\"; background-color:#fff; color:#fff\" target=\"_blank\"><span class=\"shariff-icon\" style=\"\"><svg width=\"32px\" height=\"20px\" xmlns=\"http:\/\/www.w3.org\/2000\/svg\" viewBox=\"0 0 11 32\"><path fill=\"#999\" d=\"M11.4 24v2.3q0 0.5-0.3 0.8t-0.8 0.4h-9.1q-0.5 0-0.8-0.4t-0.4-0.8v-2.3q0-0.5 0.4-0.8t0.8-0.4h1.1v-6.8h-1.1q-0.5 0-0.8-0.4t-0.4-0.8v-2.3q0-0.5 0.4-0.8t0.8-0.4h6.8q0.5 0 0.8 0.4t0.4 0.8v10.3h1.1q0.5 0 0.8 0.4t0.3 0.8zM9.2 3.4v3.4q0 0.5-0.4 0.8t-0.8 0.4h-4.6q-0.4 0-0.8-0.4t-0.4-0.8v-3.4q0-0.4 0.4-0.8t0.8-0.4h4.6q0.5 0 0.8 0.4t0.4 0.8z\"\/><\/svg><\/span><\/a><\/li><\/ul><\/div>","protected":false},"excerpt":{"rendered":"<p>Eine weitere Anwendung f\u00fcr ein Mischpult in Verbindung mit Ihrer Kamera, k\u00f6nnte ein Livekonzert Ihrer befreundeten Musikband sein. Mit dem[&#8230;]<\/p>\n","protected":false},"author":1,"featured_media":0,"parent":0,"menu_order":0,"comment_status":"closed","ping_status":"closed","template":"","meta":{"footnotes":""},"class_list":["post-207","page","type-page","status-publish","hentry"],"yoast_head":"<!-- This site is optimized with the Yoast SEO plugin v27.4 - https:\/\/yoast.com\/product\/yoast-seo-wordpress\/ -->\n<title>Livekonzert, Tonaufnahmen, Musikproduktion, Videoton<\/title>\n<meta name=\"description\" content=\"Livekonzerte haben Ihren Reiz, aber die Tonaufnahme mit der Videokamera ist nicht ganz so leicht abzuwickeln, gewu\u00dft wie funktioniert aber auch das...\" \/>\n<meta name=\"robots\" content=\"index, follow, max-snippet:-1, max-image-preview:large, max-video-preview:-1\" \/>\n<link rel=\"canonical\" href=\"https:\/\/www.studio-art-design.com\/blog\/aufnahmesituation-bei-einem-livekonzert\/\" \/>\n<meta property=\"og:locale\" content=\"de_DE\" \/>\n<meta property=\"og:type\" content=\"article\" \/>\n<meta property=\"og:title\" content=\"Livekonzert, Tonaufnahmen, Musikproduktion, Videoton\" \/>\n<meta property=\"og:description\" content=\"Livekonzerte haben Ihren Reiz, aber die Tonaufnahme mit der Videokamera ist nicht ganz so leicht abzuwickeln, gewu\u00dft wie funktioniert aber auch das...\" \/>\n<meta property=\"og:url\" content=\"https:\/\/www.studio-art-design.com\/blog\/aufnahmesituation-bei-einem-livekonzert\/\" \/>\n<meta property=\"og:site_name\" content=\"music_blog\" \/>\n<meta property=\"article:modified_time\" content=\"2020-06-03T17:36:25+00:00\" \/>\n<meta name=\"twitter:card\" content=\"summary_large_image\" \/>\n<meta name=\"twitter:label1\" content=\"Gesch\u00e4tzte Lesezeit\" \/>\n\t<meta name=\"twitter:data1\" content=\"5\u00a0Minuten\" \/>\n<script type=\"application\/ld+json\" class=\"yoast-schema-graph\">{\"@context\":\"https:\\\/\\\/schema.org\",\"@graph\":[{\"@type\":\"WebPage\",\"@id\":\"https:\\\/\\\/www.studio-art-design.com\\\/blog\\\/aufnahmesituation-bei-einem-livekonzert\\\/\",\"url\":\"https:\\\/\\\/www.studio-art-design.com\\\/blog\\\/aufnahmesituation-bei-einem-livekonzert\\\/\",\"name\":\"Livekonzert, Tonaufnahmen, Musikproduktion, Videoton\",\"isPartOf\":{\"@id\":\"https:\\\/\\\/www.studio-art-design.com\\\/blog\\\/#website\"},\"datePublished\":\"2020-05-29T21:37:01+00:00\",\"dateModified\":\"2020-06-03T17:36:25+00:00\",\"description\":\"Livekonzerte haben Ihren Reiz, aber die Tonaufnahme mit der Videokamera ist nicht ganz so leicht abzuwickeln, gewu\u00dft wie funktioniert aber auch das...\",\"breadcrumb\":{\"@id\":\"https:\\\/\\\/www.studio-art-design.com\\\/blog\\\/aufnahmesituation-bei-einem-livekonzert\\\/#breadcrumb\"},\"inLanguage\":\"de\",\"potentialAction\":[{\"@type\":\"ReadAction\",\"target\":[\"https:\\\/\\\/www.studio-art-design.com\\\/blog\\\/aufnahmesituation-bei-einem-livekonzert\\\/\"]}]},{\"@type\":\"BreadcrumbList\",\"@id\":\"https:\\\/\\\/www.studio-art-design.com\\\/blog\\\/aufnahmesituation-bei-einem-livekonzert\\\/#breadcrumb\",\"itemListElement\":[{\"@type\":\"ListItem\",\"position\":1,\"name\":\"Startseite\",\"item\":\"https:\\\/\\\/www.studio-art-design.com\\\/blog\\\/\"},{\"@type\":\"ListItem\",\"position\":2,\"name\":\"Aufnahmesituation bei einem Livekonzert\"}]},{\"@type\":\"WebSite\",\"@id\":\"https:\\\/\\\/www.studio-art-design.com\\\/blog\\\/#website\",\"url\":\"https:\\\/\\\/www.studio-art-design.com\\\/blog\\\/\",\"name\":\"music_blog\",\"description\":\"Tonstudiotechnik und Musikproduktionen\",\"publisher\":{\"@id\":\"https:\\\/\\\/www.studio-art-design.com\\\/blog\\\/#organization\"},\"potentialAction\":[{\"@type\":\"SearchAction\",\"target\":{\"@type\":\"EntryPoint\",\"urlTemplate\":\"https:\\\/\\\/www.studio-art-design.com\\\/blog\\\/?s={search_term_string}\"},\"query-input\":{\"@type\":\"PropertyValueSpecification\",\"valueRequired\":true,\"valueName\":\"search_term_string\"}}],\"inLanguage\":\"de\"},{\"@type\":\"Organization\",\"@id\":\"https:\\\/\\\/www.studio-art-design.com\\\/blog\\\/#organization\",\"name\":\"Studio ART & DESIGN\",\"url\":\"https:\\\/\\\/www.studio-art-design.com\\\/blog\\\/\",\"logo\":{\"@type\":\"ImageObject\",\"inLanguage\":\"de\",\"@id\":\"https:\\\/\\\/www.studio-art-design.com\\\/blog\\\/#\\\/schema\\\/logo\\\/image\\\/\",\"url\":\"https:\\\/\\\/www.studio-art-design.com\\\/blog\\\/wp-content\\\/uploads\\\/2020\\\/05\\\/StudioLogo_v2-jpeg-small.jpg\",\"contentUrl\":\"https:\\\/\\\/www.studio-art-design.com\\\/blog\\\/wp-content\\\/uploads\\\/2020\\\/05\\\/StudioLogo_v2-jpeg-small.jpg\",\"width\":515,\"height\":324,\"caption\":\"Studio ART & DESIGN\"},\"image\":{\"@id\":\"https:\\\/\\\/www.studio-art-design.com\\\/blog\\\/#\\\/schema\\\/logo\\\/image\\\/\"}}]}<\/script>\n<!-- \/ Yoast SEO plugin. -->","yoast_head_json":{"title":"Livekonzert, Tonaufnahmen, Musikproduktion, Videoton","description":"Livekonzerte haben Ihren Reiz, aber die Tonaufnahme mit der Videokamera ist nicht ganz so leicht abzuwickeln, gewu\u00dft wie funktioniert aber auch das...","robots":{"index":"index","follow":"follow","max-snippet":"max-snippet:-1","max-image-preview":"max-image-preview:large","max-video-preview":"max-video-preview:-1"},"canonical":"https:\/\/www.studio-art-design.com\/blog\/aufnahmesituation-bei-einem-livekonzert\/","og_locale":"de_DE","og_type":"article","og_title":"Livekonzert, Tonaufnahmen, Musikproduktion, Videoton","og_description":"Livekonzerte haben Ihren Reiz, aber die Tonaufnahme mit der Videokamera ist nicht ganz so leicht abzuwickeln, gewu\u00dft wie funktioniert aber auch das...","og_url":"https:\/\/www.studio-art-design.com\/blog\/aufnahmesituation-bei-einem-livekonzert\/","og_site_name":"music_blog","article_modified_time":"2020-06-03T17:36:25+00:00","twitter_card":"summary_large_image","twitter_misc":{"Gesch\u00e4tzte Lesezeit":"5\u00a0Minuten"},"schema":{"@context":"https:\/\/schema.org","@graph":[{"@type":"WebPage","@id":"https:\/\/www.studio-art-design.com\/blog\/aufnahmesituation-bei-einem-livekonzert\/","url":"https:\/\/www.studio-art-design.com\/blog\/aufnahmesituation-bei-einem-livekonzert\/","name":"Livekonzert, Tonaufnahmen, Musikproduktion, Videoton","isPartOf":{"@id":"https:\/\/www.studio-art-design.com\/blog\/#website"},"datePublished":"2020-05-29T21:37:01+00:00","dateModified":"2020-06-03T17:36:25+00:00","description":"Livekonzerte haben Ihren Reiz, aber die Tonaufnahme mit der Videokamera ist nicht ganz so leicht abzuwickeln, gewu\u00dft wie funktioniert aber auch das...","breadcrumb":{"@id":"https:\/\/www.studio-art-design.com\/blog\/aufnahmesituation-bei-einem-livekonzert\/#breadcrumb"},"inLanguage":"de","potentialAction":[{"@type":"ReadAction","target":["https:\/\/www.studio-art-design.com\/blog\/aufnahmesituation-bei-einem-livekonzert\/"]}]},{"@type":"BreadcrumbList","@id":"https:\/\/www.studio-art-design.com\/blog\/aufnahmesituation-bei-einem-livekonzert\/#breadcrumb","itemListElement":[{"@type":"ListItem","position":1,"name":"Startseite","item":"https:\/\/www.studio-art-design.com\/blog\/"},{"@type":"ListItem","position":2,"name":"Aufnahmesituation bei einem Livekonzert"}]},{"@type":"WebSite","@id":"https:\/\/www.studio-art-design.com\/blog\/#website","url":"https:\/\/www.studio-art-design.com\/blog\/","name":"music_blog","description":"Tonstudiotechnik und Musikproduktionen","publisher":{"@id":"https:\/\/www.studio-art-design.com\/blog\/#organization"},"potentialAction":[{"@type":"SearchAction","target":{"@type":"EntryPoint","urlTemplate":"https:\/\/www.studio-art-design.com\/blog\/?s={search_term_string}"},"query-input":{"@type":"PropertyValueSpecification","valueRequired":true,"valueName":"search_term_string"}}],"inLanguage":"de"},{"@type":"Organization","@id":"https:\/\/www.studio-art-design.com\/blog\/#organization","name":"Studio ART & DESIGN","url":"https:\/\/www.studio-art-design.com\/blog\/","logo":{"@type":"ImageObject","inLanguage":"de","@id":"https:\/\/www.studio-art-design.com\/blog\/#\/schema\/logo\/image\/","url":"https:\/\/www.studio-art-design.com\/blog\/wp-content\/uploads\/2020\/05\/StudioLogo_v2-jpeg-small.jpg","contentUrl":"https:\/\/www.studio-art-design.com\/blog\/wp-content\/uploads\/2020\/05\/StudioLogo_v2-jpeg-small.jpg","width":515,"height":324,"caption":"Studio ART & DESIGN"},"image":{"@id":"https:\/\/www.studio-art-design.com\/blog\/#\/schema\/logo\/image\/"}}]}},"_links":{"self":[{"href":"https:\/\/www.studio-art-design.com\/blog\/wp-json\/wp\/v2\/pages\/207","targetHints":{"allow":["GET"]}}],"collection":[{"href":"https:\/\/www.studio-art-design.com\/blog\/wp-json\/wp\/v2\/pages"}],"about":[{"href":"https:\/\/www.studio-art-design.com\/blog\/wp-json\/wp\/v2\/types\/page"}],"author":[{"embeddable":true,"href":"https:\/\/www.studio-art-design.com\/blog\/wp-json\/wp\/v2\/users\/1"}],"replies":[{"embeddable":true,"href":"https:\/\/www.studio-art-design.com\/blog\/wp-json\/wp\/v2\/comments?post=207"}],"version-history":[{"count":1,"href":"https:\/\/www.studio-art-design.com\/blog\/wp-json\/wp\/v2\/pages\/207\/revisions"}],"predecessor-version":[{"id":209,"href":"https:\/\/www.studio-art-design.com\/blog\/wp-json\/wp\/v2\/pages\/207\/revisions\/209"}],"wp:attachment":[{"href":"https:\/\/www.studio-art-design.com\/blog\/wp-json\/wp\/v2\/media?parent=207"}],"curies":[{"name":"wp","href":"https:\/\/api.w.org\/{rel}","templated":true}]}}