{"id":202,"date":"2020-05-29T23:15:34","date_gmt":"2020-05-29T21:15:34","guid":{"rendered":"https:\/\/www.studio-art-design.com\/ph_online1\/?page_id=202"},"modified":"2020-06-08T23:44:54","modified_gmt":"2020-06-08T21:44:54","slug":"stereo-monomikrofone","status":"publish","type":"page","link":"https:\/\/www.studio-art-design.com\/blog\/stereo-monomikrofone\/","title":{"rendered":"Stereo- \/ Monomikrofone"},"content":{"rendered":"\n<p>Die eingebauten Mikrofone in den Kameras sind heute ausschlie\u00dflich Stereomikrofone. Es gibt auch externe Mikrofone, die in einem Geh\u00e4use zusammen eingebaut sind &#8211; also das typische Stereomikrofon. Diese Stereomikrofone sind f\u00fcr manche Situationen oft sehr praktisch. Besser sind zwei getrennte Monomikrofone f\u00fcr den Au\u00dfeneinsatz, m\u00f6chte man eine Stereomikrofonierung machen. Hier sind aber einige Dinge zu beachten, um auch wirklich eine perfekte Tonaufnahme zu erhalten. Gemeint ist hier vor allem die Positionierung der beiden Monomikrofone zueinander. Wichtig ist auch die Richtungs-charakteristik der verwendeten Mikrofone.<\/p>\n\n\n\n<p>Man wird sich fragen warum? Dies ist deshalb sehr wichtig, um auch eine unbedingt erforderliche Monokompatibilit\u00e4t zu erreichen. Mit einer falschen Aufstellung k\u00f6nnte es passieren, dass man eine Phasenausl\u00f6schung erh\u00e4lt, die unter Umst\u00e4nden sogar soweit f\u00fchrt, dass beim Abh\u00f6ren bzw. Mix unter Mono gewisse Instrumente oder Stimmen einfach verschwinden. Oft sind auch Klangverf\u00e4rbungen m\u00f6glich. Es ist daher ratsam immer darauf zu achten, dass die Aufstellung der Mikrofone richtig erfolgt. Es gibt hier einige Regeln. F\u00fcr eine typische Stereoaufnahme (mit zwei gleichen Mikrofonen), hat sich die sogenannte XY- Anordnung durchgesetzt.<\/p>\n\n\n\n<p>Dabei werden zwei baugleiche Mikrofone verwendet, nat\u00fcrlich auch mit der gleichen Richtcharakteristik (\u00fcblicherweise Niere), welche \u00fcbereinander bzw. nebeneinander angeordnet werden. Der Winkel betr\u00e4gt hier ca. 45-60 Grad. Durch die Anordnung der Kapseln zueinander im richtigen Winkelverh\u00e4ltnis treten praktisch so gut wie keine Phasenunterschiede zwischen den Kapselsignalen auf. F\u00fcr eine externe Anordnung empfiehlt sich eine Stereoschiene, auf welcher die Mikrofone richtig und fix ausgerichtet werden k\u00f6nnen. Interne Mikrofone sind sowieso optimal in der Videokamera positioniert.<\/p>\n\n\n\n<p>Alle jene, die viel mit den internen Mikrofonen aufnehmen, haben hier kein Problem. Die internen Mikrofone der Cam sind nat\u00fcrlich so eingerichtet, dass es keine sogenannten Phasenausl\u00f6schungen geben kann. Warum man auf Monokompatibilit\u00e4t achten sollte &#8211; was ist das eigentlich? Durch die Abmischung einer Stereomikrofonaufnahme auf ein Monosignal werden die beiden Signale summiert. Wenn bei der Stereo-Tonaufnahme alles richtig aufgenommen, also die Mikrofone richtig positioniert wurden, so ergibt sich durch die Summierung ein optimales Monoklangbild ohne jegliche Klangverf\u00e4rbung. Man spricht dann von einer phasenrichtigen monokompatiblen Aufnahme.<\/p>\n\n\n\n<p>Wenn mit einer falschen Mikrofonaufstellung aufgenommen wurde, so kann es passieren, dass man durch die Phasenverschiebung eine Phasenausl\u00f6schung erhalten kann. Je nach dem wie stark die Phasenverschiebung ist, tritt dieser Effekt hervor &#8211; dies kann wie bereits schon erw\u00e4hnt soweit f\u00fchren, dass gewisse Kl\u00e4nge fast g\u00e4nzlich verschwinden oder eine schlimme Klangverf\u00e4lschung stattfindet. Heutzutage sind die meisten Radio- und Fernsehger\u00e4te in Stereo ausgelegt. Dennoch gibt es viele Ger\u00e4te, die den Ton nur in Mono wiedergeben (zBsp.: g\u00fcnstiger K\u00fcchenradio usw.). <\/p>\n\n\n\n<p>Denken Sie zum Beispiel  auch an ein kleines \u00e4lteres Fernsehger\u00e4t im Campingbus, oder ein kleines K\u00fcchenradio. Deshalb sollte man immer auf Monokompatibilit\u00e4t schon w\u00e4hrend der Tonaufnahme mit der Kamera achten. Die Frage, wann soll ich Mono bzw. Stereo aufnehmen in Bezug auf eine externe Mikrofonierung, kann nicht pauschal beantwortet werden. F\u00fcr Sprachaufnahmen einzelner Personen vor der Kamera wird man im allgemeinen bestimmt Mono aufnehmen. <\/p>\n\n\n\n<p>Ein Atmo in der Landschaft sollte man hingegen nat\u00fcrlich unbedingt in Stereo aufnehmen. Kinder am Spielplatz sind nat\u00fcrlich auch in Stereo aufzunehmen. Vergessen sollte man in diesem Zusammenhang nicht, dass manche Monoaufnahmen bei der Nachbearbeitung am Computer dennoch stereom\u00e4\u00dfig ausgef\u00fchrt werden k\u00f6nnen.<\/p>\n\n\n\n<p>Ein Beispiel w\u00e4re: Sie haben beim Fu\u00dfballspiel mit dem Trainer eine typische Reporter-Tonaufnahme gemacht &#8211; mit einem externen Monomikrofon. Zus\u00e4tzlich haben Sie vom Spiel auch typische Weitwinkelaufnahmen gemacht, welche Sie mit den eingebauten (Stereo) Mikrofonen aufgenommen haben. Durch eine entsprechende Mischung am Computer erhalten Sie so dann optimale Ergebnisse. Die Sprachaufnahme ist in Mono, mittig gemixt. Die anderen Aufnahmen sind im Hintergrund in Stereo dazugemixt. <\/p>\n\n\n\n<p>Man wird sich jetzt nun fragen, warum nicht gleich eine externe Tonaufnahme der Sprache in Stereo? Man m\u00fcsste auf ein externes Stereomikrofon zur\u00fcckgreifen \u2013 also ein Mikrofongeh\u00e4use, indem zwei Mikrofone eingebaut sind. Diese sind sehr teuer, vor allem dann, wenn man ein Qualit\u00e4tsmikrofon m\u00f6chte. Anzumerken ist auch, dass es von Stereomikrofonen im Vergleich zu den \u00fcblichen Monomikrofonen gar nicht mal so viele Mikrofone zur Auswahl gibt. Sprache wird man also generell in Mono aufnehmen, Ger\u00e4usche, Atmos und dergleichen immer in Stereo. <\/p>\n\n\n\n<p>Wichtig ist auch noch zu wissen, dass eine einmal verungl\u00fcckte Stereoaufnahme in Bezug auf Phasenfehler, auch im Studio nicht mehr &#8222;repariert&#8220; werden kann. Im Studio sieht man den Phasenfehler anhand von Messger\u00e4ten, die jedes Studio hat. Man nennt diese Stereokorrelationsgradmesser. Hier kann schnell festgestellt werden, ob ein Stereosignal \u00fcberhaupt monokompatibel ist. Viele Programme haben inzwischen auch ein virtuelles Korrelationsmessger\u00e4t integriert, man braucht so nicht mehr unbedingt auf teure externe Studioger\u00e4te zur\u00fcckgreifen.<\/p>\n\n\n\n<p>Ein Tipp: Wenn gar nichts mehr n\u00fctzt, also eine Stereoaufnahme extreme Phasenfehler beinhaltet, so gibt es einen kleinen Trick. H\u00f6ren Sie sich beide Kan\u00e4le separat an &#8211; also erst den rechten Kanal und dann den linken Kanal. Den Kanal mit der besseren Qualit\u00e4t schneiden Sie im Programm heraus und speichern es als Mono-Datei ab. Das Ergebnis ist dann zwar ein Monosignal, aber Sie laufen nicht in Gefahr, dass eine Phasenausl\u00f6schung auftreten kann. <\/p>\n\n\n\n<p>Dieser einfache Trick sollte aber nur in Notf\u00e4llen angewendet werden, besser ist &#8211; ihr achtet schon w\u00e4hrend des Drehens auf eine optimale Stereotonaufnahme. Viele werden sich vielleicht fragen, warum bei Spielfilmen die Dialoge auch in Stereo gemixt sind &#8211; wurden diese Dialoge der Schauspieler mit einem Stereomikrofon aufgenommen? Antwort: Jaein &#8211; meist werden die Dialoge in Mono aufgenommen &#8211; selten direkt in Stereo. Durch die Nachbearbeitung am Computer werden sie entsprechend im Stereofeld verteilt. Man bekommt also den H\u00f6reindruck einer Stereoaufnahme &#8211; obwohl es urspr\u00fcnglich eine Monoaufnahme war. Durch die Monoaufnahme muss man w\u00e4hrend der Spielszenen nicht darauf achten, dass Phasenfehler auftreten k\u00f6nnten. <\/p>\n\n\n\n<p>Au\u00dferdem w\u00e4re es sehr schwierig darauf zu achten, das Mikrofon stets zur Filmszene richtig zu positionieren &#8211; damit auch immer der H\u00f6reindruck passt (Schauspieler im Bild rechts &#8211; Ton kommt von rechts). Um solche Fehlerquellen auszuschlie\u00dfen, wird meist auf Monomikrofonierung zur\u00fcckgegriffen. Oder es wird im Studio nachsynchronisiert und auch hier wird \u00fcblicherweise in Mono aufgenommen. Ein gro\u00dfer Vorteil ist auch, dass man bei einer Mono-Tonaufnahme bei der Nachbearbeitung mit den Programmen stets flexibler ist. Hier k\u00f6nnen die Stimmen beliebig in das Stereofeld gemischt werden. <\/p>\n\n\n\n<p>Was hier vielleicht auch noch erw\u00e4hnenswert ist: Oft werden bei Spielfilmen mehrere Tonspuren f\u00fcr die Dialoge der Schauspieler verwendet. Dadurch erh\u00e4lt man eine noch gr\u00f6\u00dfere Flexibilit\u00e4t bei der Nachbearbeitung im Studio. Die Hintergrundtonkulisse wird hingegen nat\u00fcrlich immer in Stereo, und zwar synchronisiert auf zwei separaten Tonspuren zu den Sprachaufnahmen aufgenommen, um so vom Set auch die Tonkulisse optimal einzufangen. Manchmal verzichtet man auf diese Aufnahmen, da sie aufwendig sind und sowieso schon im Vorfeld klar ist, dass die zus\u00e4tzlichen Ger\u00e4usche in der Nachbearbeitung dazukommen. Also achtet immer schon vor der Aufnahme, was m\u00f6chte man erreichen und wie kann man es am leichtesten (m\u00f6glichst professionell) umsetzen.<\/p>\n<div class=\"shariff shariff-align-left shariff-widget-align-left\"><ul class=\"shariff-buttons theme-default orientation-horizontal buttonsize-medium\"><li class=\"shariff-button mastodon shariff-nocustomcolor\" style=\"background-color:#563ACC\"><a href=\"https:\/\/s2f.kytta.dev\/?text=Stereo-%20%2F%20Monomikrofone https%3A%2F%2Fwww.studio-art-design.com%2Fblog%2Fstereo-monomikrofone%2F\" title=\"Bei Mastodon teilen\" aria-label=\"Bei Mastodon teilen\" role=\"button\" rel=\"noopener nofollow\" class=\"shariff-link\" style=\"; background-color:#6364FF; color:#fff\" target=\"_blank\"><span class=\"shariff-icon\" style=\"\"><svg width=\"75\" height=\"79\" viewBox=\"0 0 75 79\" fill=\"none\" xmlns=\"http:\/\/www.w3.org\/2000\/svg\"><path d=\"M37.813-.025C32.462-.058 27.114.13 21.79.598c-8.544.621-17.214 5.58-20.203 13.931C-1.12 23.318.408 32.622.465 41.65c.375 7.316.943 14.78 3.392 21.73 4.365 9.465 14.781 14.537 24.782 15.385 7.64.698 15.761-.213 22.517-4.026a54.1 54.1 0 0 0 .01-6.232c-6.855 1.316-14.101 2.609-21.049 1.074-3.883-.88-6.876-4.237-7.25-8.215-1.53-3.988 3.78-.43 5.584-.883 9.048 1.224 18.282.776 27.303-.462 7.044-.837 14.26-4.788 16.65-11.833 2.263-6.135 1.215-12.79 1.698-19.177.06-3.84.09-7.692-.262-11.52C72.596 7.844 63.223.981 53.834.684a219.453 219.453 0 0 0-16.022-.71zm11.294 12.882c5.5-.067 10.801 4.143 11.67 9.653.338 1.48.471 3 .471 4.515v21.088h-8.357c-.07-7.588.153-15.182-.131-22.765-.587-4.368-7.04-5.747-9.672-2.397-2.422 3.04-1.47 7.155-1.67 10.735v6.392h-8.307c-.146-4.996.359-10.045-.404-15.002-1.108-4.218-7.809-5.565-10.094-1.666-1.685 3.046-.712 6.634-.976 9.936v14.767h-8.354c.109-8.165-.238-16.344.215-24.5.674-5.346 5.095-10.389 10.676-10.627 4.902-.739 10.103 2.038 12.053 6.631.375 1.435 1.76 1.932 1.994.084 1.844-3.704 5.501-6.739 9.785-6.771.367-.044.735-.068 1.101-.073z\"\/><defs><linearGradient id=\"paint0_linear_549_34\" x1=\"37.0692\" y1=\"0\" x2=\"37.0692\" y2=\"79\" gradientUnits=\"userSpaceOnUse\"><stop stop-color=\"#6364FF\"\/><stop offset=\"1\" stop-color=\"#563ACC\"\/><\/linearGradient><\/defs><\/svg><\/span><span class=\"shariff-text\">teilen<\/span>&nbsp;<\/a><\/li><li class=\"shariff-button facebook shariff-nocustomcolor\" style=\"background-color:#4273c8\"><a href=\"https:\/\/www.facebook.com\/sharer\/sharer.php?u=https%3A%2F%2Fwww.studio-art-design.com%2Fblog%2Fstereo-monomikrofone%2F\" title=\"Bei Facebook teilen\" aria-label=\"Bei Facebook teilen\" role=\"button\" rel=\"nofollow\" class=\"shariff-link\" style=\"; background-color:#3b5998; color:#fff\" target=\"_blank\"><span class=\"shariff-icon\" style=\"\"><svg width=\"32px\" height=\"20px\" xmlns=\"http:\/\/www.w3.org\/2000\/svg\" viewBox=\"0 0 18 32\"><path fill=\"#3b5998\" d=\"M17.1 0.2v4.7h-2.8q-1.5 0-2.1 0.6t-0.5 1.9v3.4h5.2l-0.7 5.3h-4.5v13.6h-5.5v-13.6h-4.5v-5.3h4.5v-3.9q0-3.3 1.9-5.2t5-1.8q2.6 0 4.1 0.2z\"\/><\/svg><\/span><span class=\"shariff-text\">teilen<\/span>&nbsp;<\/a><\/li><li class=\"shariff-button linkedin shariff-nocustomcolor\" style=\"background-color:#1488bf\"><a href=\"https:\/\/www.linkedin.com\/sharing\/share-offsite\/?url=https%3A%2F%2Fwww.studio-art-design.com%2Fblog%2Fstereo-monomikrofone%2F\" title=\"Bei LinkedIn teilen\" aria-label=\"Bei LinkedIn teilen\" role=\"button\" rel=\"noopener nofollow\" class=\"shariff-link\" style=\"; background-color:#0077b5; color:#fff\" target=\"_blank\"><span class=\"shariff-icon\" style=\"\"><svg width=\"32px\" height=\"20px\" xmlns=\"http:\/\/www.w3.org\/2000\/svg\" viewBox=\"0 0 27 32\"><path fill=\"#0077b5\" d=\"M6.2 11.2v17.7h-5.9v-17.7h5.9zM6.6 5.7q0 1.3-0.9 2.2t-2.4 0.9h0q-1.5 0-2.4-0.9t-0.9-2.2 0.9-2.2 2.4-0.9 2.4 0.9 0.9 2.2zM27.4 18.7v10.1h-5.9v-9.5q0-1.9-0.7-2.9t-2.3-1.1q-1.1 0-1.9 0.6t-1.2 1.5q-0.2 0.5-0.2 1.4v9.9h-5.9q0-7.1 0-11.6t0-5.3l0-0.9h5.9v2.6h0q0.4-0.6 0.7-1t1-0.9 1.6-0.8 2-0.3q3 0 4.9 2t1.9 6z\"\/><\/svg><\/span><span class=\"shariff-text\">teilen<\/span>&nbsp;<\/a><\/li><li class=\"shariff-button info shariff-nocustomcolor\" style=\"background-color:#eee\"><a href=\"http:\/\/ct.de\/-2467514\" title=\"Weitere Informationen\" aria-label=\"Weitere Informationen\" role=\"button\" rel=\"noopener \" class=\"shariff-link\" style=\"; background-color:#fff; color:#fff\" target=\"_blank\"><span class=\"shariff-icon\" style=\"\"><svg width=\"32px\" height=\"20px\" xmlns=\"http:\/\/www.w3.org\/2000\/svg\" viewBox=\"0 0 11 32\"><path fill=\"#999\" d=\"M11.4 24v2.3q0 0.5-0.3 0.8t-0.8 0.4h-9.1q-0.5 0-0.8-0.4t-0.4-0.8v-2.3q0-0.5 0.4-0.8t0.8-0.4h1.1v-6.8h-1.1q-0.5 0-0.8-0.4t-0.4-0.8v-2.3q0-0.5 0.4-0.8t0.8-0.4h6.8q0.5 0 0.8 0.4t0.4 0.8v10.3h1.1q0.5 0 0.8 0.4t0.3 0.8zM9.2 3.4v3.4q0 0.5-0.4 0.8t-0.8 0.4h-4.6q-0.4 0-0.8-0.4t-0.4-0.8v-3.4q0-0.4 0.4-0.8t0.8-0.4h4.6q0.5 0 0.8 0.4t0.4 0.8z\"\/><\/svg><\/span><\/a><\/li><\/ul><\/div>","protected":false},"excerpt":{"rendered":"<p>Die eingebauten Mikrofone in den Kameras sind heute ausschlie\u00dflich Stereomikrofone. Es gibt auch externe Mikrofone, die in einem Geh\u00e4use zusammen[&#8230;]<\/p>\n","protected":false},"author":1,"featured_media":0,"parent":0,"menu_order":0,"comment_status":"closed","ping_status":"closed","template":"","meta":{"footnotes":""},"class_list":["post-202","page","type-page","status-publish","hentry"],"yoast_head":"<!-- This site is optimized with the Yoast SEO plugin v27.6 - https:\/\/yoast.com\/product\/yoast-seo-wordpress\/ -->\n<title>Monomikrofonie, Stereomikrofonie, Tonstudiotechnik, Videoton<\/title>\n<meta name=\"description\" content=\"Es ist ein gro\u00dfer Unterschied, ob man Tonaufnahmen in Mono- oder mit Stereomikrofonen aufnimmt. Wie man damit richtig umgeht, steht hier: music_blog\" \/>\n<meta name=\"robots\" content=\"index, follow, max-snippet:-1, max-image-preview:large, max-video-preview:-1\" \/>\n<link rel=\"canonical\" href=\"https:\/\/www.studio-art-design.com\/blog\/stereo-monomikrofone\/\" \/>\n<meta property=\"og:locale\" content=\"de_DE\" \/>\n<meta property=\"og:type\" content=\"article\" \/>\n<meta property=\"og:title\" content=\"Monomikrofonie, Stereomikrofonie, Tonstudiotechnik, Videoton\" \/>\n<meta property=\"og:description\" content=\"Es ist ein gro\u00dfer Unterschied, ob man Tonaufnahmen in Mono- oder mit Stereomikrofonen aufnimmt. Wie man damit richtig umgeht, steht hier: music_blog\" \/>\n<meta property=\"og:url\" content=\"https:\/\/www.studio-art-design.com\/blog\/stereo-monomikrofone\/\" \/>\n<meta property=\"og:site_name\" content=\"music_blog\" \/>\n<meta property=\"article:modified_time\" content=\"2020-06-08T21:44:54+00:00\" \/>\n<meta name=\"twitter:card\" content=\"summary_large_image\" \/>\n<meta name=\"twitter:label1\" content=\"Gesch\u00e4tzte Lesezeit\" \/>\n\t<meta name=\"twitter:data1\" content=\"6\u00a0Minuten\" \/>\n<script type=\"application\/ld+json\" class=\"yoast-schema-graph\">{\"@context\":\"https:\\\/\\\/schema.org\",\"@graph\":[{\"@type\":\"WebPage\",\"@id\":\"https:\\\/\\\/www.studio-art-design.com\\\/blog\\\/stereo-monomikrofone\\\/\",\"url\":\"https:\\\/\\\/www.studio-art-design.com\\\/blog\\\/stereo-monomikrofone\\\/\",\"name\":\"Monomikrofonie, Stereomikrofonie, Tonstudiotechnik, Videoton\",\"isPartOf\":{\"@id\":\"https:\\\/\\\/www.studio-art-design.com\\\/blog\\\/#website\"},\"datePublished\":\"2020-05-29T21:15:34+00:00\",\"dateModified\":\"2020-06-08T21:44:54+00:00\",\"description\":\"Es ist ein gro\u00dfer Unterschied, ob man Tonaufnahmen in Mono- oder mit Stereomikrofonen aufnimmt. Wie man damit richtig umgeht, steht hier: music_blog\",\"breadcrumb\":{\"@id\":\"https:\\\/\\\/www.studio-art-design.com\\\/blog\\\/stereo-monomikrofone\\\/#breadcrumb\"},\"inLanguage\":\"de\",\"potentialAction\":[{\"@type\":\"ReadAction\",\"target\":[\"https:\\\/\\\/www.studio-art-design.com\\\/blog\\\/stereo-monomikrofone\\\/\"]}]},{\"@type\":\"BreadcrumbList\",\"@id\":\"https:\\\/\\\/www.studio-art-design.com\\\/blog\\\/stereo-monomikrofone\\\/#breadcrumb\",\"itemListElement\":[{\"@type\":\"ListItem\",\"position\":1,\"name\":\"Startseite\",\"item\":\"https:\\\/\\\/www.studio-art-design.com\\\/blog\\\/\"},{\"@type\":\"ListItem\",\"position\":2,\"name\":\"Stereo- \\\/ Monomikrofone\"}]},{\"@type\":\"WebSite\",\"@id\":\"https:\\\/\\\/www.studio-art-design.com\\\/blog\\\/#website\",\"url\":\"https:\\\/\\\/www.studio-art-design.com\\\/blog\\\/\",\"name\":\"music_blog\",\"description\":\"Tonstudiotechnik und Musikproduktionen\",\"publisher\":{\"@id\":\"https:\\\/\\\/www.studio-art-design.com\\\/blog\\\/#organization\"},\"potentialAction\":[{\"@type\":\"SearchAction\",\"target\":{\"@type\":\"EntryPoint\",\"urlTemplate\":\"https:\\\/\\\/www.studio-art-design.com\\\/blog\\\/?s={search_term_string}\"},\"query-input\":{\"@type\":\"PropertyValueSpecification\",\"valueRequired\":true,\"valueName\":\"search_term_string\"}}],\"inLanguage\":\"de\"},{\"@type\":\"Organization\",\"@id\":\"https:\\\/\\\/www.studio-art-design.com\\\/blog\\\/#organization\",\"name\":\"Studio ART & DESIGN\",\"url\":\"https:\\\/\\\/www.studio-art-design.com\\\/blog\\\/\",\"logo\":{\"@type\":\"ImageObject\",\"inLanguage\":\"de\",\"@id\":\"https:\\\/\\\/www.studio-art-design.com\\\/blog\\\/#\\\/schema\\\/logo\\\/image\\\/\",\"url\":\"https:\\\/\\\/www.studio-art-design.com\\\/blog\\\/wp-content\\\/uploads\\\/2020\\\/05\\\/StudioLogo_v2-jpeg-small.jpg\",\"contentUrl\":\"https:\\\/\\\/www.studio-art-design.com\\\/blog\\\/wp-content\\\/uploads\\\/2020\\\/05\\\/StudioLogo_v2-jpeg-small.jpg\",\"width\":515,\"height\":324,\"caption\":\"Studio ART & DESIGN\"},\"image\":{\"@id\":\"https:\\\/\\\/www.studio-art-design.com\\\/blog\\\/#\\\/schema\\\/logo\\\/image\\\/\"}}]}<\/script>\n<!-- \/ Yoast SEO plugin. -->","yoast_head_json":{"title":"Monomikrofonie, Stereomikrofonie, Tonstudiotechnik, Videoton","description":"Es ist ein gro\u00dfer Unterschied, ob man Tonaufnahmen in Mono- oder mit Stereomikrofonen aufnimmt. Wie man damit richtig umgeht, steht hier: music_blog","robots":{"index":"index","follow":"follow","max-snippet":"max-snippet:-1","max-image-preview":"max-image-preview:large","max-video-preview":"max-video-preview:-1"},"canonical":"https:\/\/www.studio-art-design.com\/blog\/stereo-monomikrofone\/","og_locale":"de_DE","og_type":"article","og_title":"Monomikrofonie, Stereomikrofonie, Tonstudiotechnik, Videoton","og_description":"Es ist ein gro\u00dfer Unterschied, ob man Tonaufnahmen in Mono- oder mit Stereomikrofonen aufnimmt. Wie man damit richtig umgeht, steht hier: music_blog","og_url":"https:\/\/www.studio-art-design.com\/blog\/stereo-monomikrofone\/","og_site_name":"music_blog","article_modified_time":"2020-06-08T21:44:54+00:00","twitter_card":"summary_large_image","twitter_misc":{"Gesch\u00e4tzte Lesezeit":"6\u00a0Minuten"},"schema":{"@context":"https:\/\/schema.org","@graph":[{"@type":"WebPage","@id":"https:\/\/www.studio-art-design.com\/blog\/stereo-monomikrofone\/","url":"https:\/\/www.studio-art-design.com\/blog\/stereo-monomikrofone\/","name":"Monomikrofonie, Stereomikrofonie, Tonstudiotechnik, Videoton","isPartOf":{"@id":"https:\/\/www.studio-art-design.com\/blog\/#website"},"datePublished":"2020-05-29T21:15:34+00:00","dateModified":"2020-06-08T21:44:54+00:00","description":"Es ist ein gro\u00dfer Unterschied, ob man Tonaufnahmen in Mono- oder mit Stereomikrofonen aufnimmt. Wie man damit richtig umgeht, steht hier: music_blog","breadcrumb":{"@id":"https:\/\/www.studio-art-design.com\/blog\/stereo-monomikrofone\/#breadcrumb"},"inLanguage":"de","potentialAction":[{"@type":"ReadAction","target":["https:\/\/www.studio-art-design.com\/blog\/stereo-monomikrofone\/"]}]},{"@type":"BreadcrumbList","@id":"https:\/\/www.studio-art-design.com\/blog\/stereo-monomikrofone\/#breadcrumb","itemListElement":[{"@type":"ListItem","position":1,"name":"Startseite","item":"https:\/\/www.studio-art-design.com\/blog\/"},{"@type":"ListItem","position":2,"name":"Stereo- \/ Monomikrofone"}]},{"@type":"WebSite","@id":"https:\/\/www.studio-art-design.com\/blog\/#website","url":"https:\/\/www.studio-art-design.com\/blog\/","name":"music_blog","description":"Tonstudiotechnik und Musikproduktionen","publisher":{"@id":"https:\/\/www.studio-art-design.com\/blog\/#organization"},"potentialAction":[{"@type":"SearchAction","target":{"@type":"EntryPoint","urlTemplate":"https:\/\/www.studio-art-design.com\/blog\/?s={search_term_string}"},"query-input":{"@type":"PropertyValueSpecification","valueRequired":true,"valueName":"search_term_string"}}],"inLanguage":"de"},{"@type":"Organization","@id":"https:\/\/www.studio-art-design.com\/blog\/#organization","name":"Studio ART & DESIGN","url":"https:\/\/www.studio-art-design.com\/blog\/","logo":{"@type":"ImageObject","inLanguage":"de","@id":"https:\/\/www.studio-art-design.com\/blog\/#\/schema\/logo\/image\/","url":"https:\/\/www.studio-art-design.com\/blog\/wp-content\/uploads\/2020\/05\/StudioLogo_v2-jpeg-small.jpg","contentUrl":"https:\/\/www.studio-art-design.com\/blog\/wp-content\/uploads\/2020\/05\/StudioLogo_v2-jpeg-small.jpg","width":515,"height":324,"caption":"Studio ART & DESIGN"},"image":{"@id":"https:\/\/www.studio-art-design.com\/blog\/#\/schema\/logo\/image\/"}}]}},"_links":{"self":[{"href":"https:\/\/www.studio-art-design.com\/blog\/wp-json\/wp\/v2\/pages\/202","targetHints":{"allow":["GET"]}}],"collection":[{"href":"https:\/\/www.studio-art-design.com\/blog\/wp-json\/wp\/v2\/pages"}],"about":[{"href":"https:\/\/www.studio-art-design.com\/blog\/wp-json\/wp\/v2\/types\/page"}],"author":[{"embeddable":true,"href":"https:\/\/www.studio-art-design.com\/blog\/wp-json\/wp\/v2\/users\/1"}],"replies":[{"embeddable":true,"href":"https:\/\/www.studio-art-design.com\/blog\/wp-json\/wp\/v2\/comments?post=202"}],"version-history":[{"count":3,"href":"https:\/\/www.studio-art-design.com\/blog\/wp-json\/wp\/v2\/pages\/202\/revisions"}],"predecessor-version":[{"id":471,"href":"https:\/\/www.studio-art-design.com\/blog\/wp-json\/wp\/v2\/pages\/202\/revisions\/471"}],"wp:attachment":[{"href":"https:\/\/www.studio-art-design.com\/blog\/wp-json\/wp\/v2\/media?parent=202"}],"curies":[{"name":"wp","href":"https:\/\/api.w.org\/{rel}","templated":true}]}}