{"id":190,"date":"2020-05-29T21:03:45","date_gmt":"2020-05-29T19:03:45","guid":{"rendered":"https:\/\/www.studio-art-design.com\/ph_online1\/?page_id=190"},"modified":"2020-05-30T19:11:11","modified_gmt":"2020-05-30T17:11:11","slug":"das-richtrohrmikrofon","status":"publish","type":"page","link":"https:\/\/www.studio-art-design.com\/blog\/das-richtrohrmikrofon\/","title":{"rendered":"Das Richtrohr-Mikrofon"},"content":{"rendered":"\n<p>Ein Richtrohr-Mikrofon ist technisch aufgebaut wie ein Kondensatormikrofon mit dem einzigen gro\u00dfen Unterschied, dass durch die besondere Bauweise eine ausgepr\u00e4gte Richtwirkung erzielt wird. Die Hypernieren-\/ Keulencharakteristik des Mikrofons ergibt exzellente Richteigenschaften bei hoher Empfindlichkeit. Vielen Kameraleuten d\u00fcrfte diese Mikrofongattung bestimmt schon ein Begriff sein. Um Sprache oder Ger\u00e4usche aus weiterer Entfernung aufzunehmen, sind diese Mikrofone aufgrund ihrer Richtwirkung f\u00fcr solche Aufnahmesituationen optimal geeignet. <\/p>\n\n\n\n<p>Die ausgepr\u00e4gte Richtwirkung reduziert den seitlichen und von hinten eintreffenden Schall, welche speziell beim Einsatz an Rednerpulten, Reporteraufnahmen oder bei Theaterbeschallungen sehr vorteilhaft ist. Das Richtrohr ist durch seine Wirkungsweise besonders auch bei Pressekonferenzen sehr beliebt. So kann man ein Gespr\u00e4ch tontechnisch von weiterer Entfernung gut aufnehmen, ohne dass zus\u00e4tzliche Schallquellen zu laut auf der Aufnahme hervortreten, da sie durch die Richtwirkung weitestgehend unterdr\u00fcckt werden. <\/p>\n\n\n\n<p>Die Kamera kann bequem auf den Interviewpartner von etwas weiter weg hinzoomen und auch das Mikrofon muss also nicht unmittelbar vor dem Gespr\u00e4chspartner stehen. Oft bietet sich nicht die Situation, gerade f\u00fcr Reporter, direkt vor dem Gespr\u00e4chspartner zu stehen. Mit dieser Mikrofontechnik l\u00e4sst sich auch diese Situation bequem meistern.<\/p>\n\n\n\n<p>Aber auch f\u00fcr Tieraufnahmen haben sich diese Richtrohr-Mikrofone schon oft bew\u00e4hrt. Gerade im Wildpark bekommt man so die Ger\u00e4uschkulisse gut in den Griff, wer m\u00f6chte schon direkt mit einem dynamischen Mikrofon und der Tonangel vor einer Giraffe stehen. <\/p>\n\n\n\n<p>Wichtig ist auch hier wieder darauf zu achten, dass man bei Wind unbedingt einen Windschutz f\u00fcr das Mikrofon verwendet, um keine Windst\u00f6rger\u00e4usche aufzunehmen. In den meisten Richtrohr-Mikrofonen wird auf die bew\u00e4hrte Technik der Kondensatormikrofone zur\u00fcckgegriffen. <\/p>\n\n\n\n<p>Aber auch Elektretkapseln werden bei manchen Modellen verwendet, die jedoch aufgrund der schlechteren Klangqualit\u00e4t nicht unbedingt zu empfehlen sind. F\u00fcr Au\u00dfenaufnahmen ist eine entsprechende sto\u00dfabsorbierende Mikrofonaufh\u00e4ngung empfehlenswert. Wenn Richtrohr-Mikrofone auf Tonangeln montiert werden, so ist es leider unvermeidbar, dass sich gewisse St\u00f6rger\u00e4usche durch die Handbewegungen bemerkbar machen. Damit dies nicht zu laut auf die Aufnahme kommt, haben sich spezielle Mikrofonaufh\u00e4ngungen sehr gut bew\u00e4hrt, da sie dies weitestgehend absorbieren und so nicht mechanisch auf das Mikrofon \u00fcbertragen. Wenn dazu auch noch ein starker Wind geht, muss man gleichzeitig auch noch den Windschutz verwenden. <\/p>\n\n\n\n<p>Also alles zusammen ein doch relativ kostenintensives Unterfangen, aber im professionellen Bereich unabdingbar. Sehr gut muss man bei diesen Mikrofonen darauf achten, dass sie genau ausgerichtet, also stets richtig auf das aufzunehmende Geschehen positioniert sind.<\/p>\n\n\n\n<p>Durch den geringen Aufnahmewinkel sollte man hier genau arbeiten, um optimale Ergebnisse zu erzielen. Sie alle kennen die typischen Sets bei Filmaufnahmen, hier werden meist solche Richtrohr-Mikrofone verwendet, um die Schauspieler tontechnisch entsprechend aufzunehmen. <\/p>\n\n\n\n<p>Meist ist ein eigener Tonassistent daf\u00fcr zust\u00e4ndig, dass das Mikrofon mit der Tonangel immer richtig positioniert wird und dem Filmablauf mitfolgt. Sie haben bestimmt schon Filmszenen gesehen, wo ein Mikrofon kurz sichtbar ins Fernsehbild r\u00fcckt?! Das sind \u00fcblicherweise genau diese Richtrohr-Mikrofone auf der Tonangel mit einer speziellen Aufh\u00e4ngung umgeben von einem Windschutzkorb mit einem Fell\u00fcberzug. <\/p>\n\n\n\n<p>Aber gerade von den Profis kann man lernen, welche Technik eingesetzt wird, um tontechnisch nicht daneben zu liegen. Manche Mikrofone f\u00fcr den Gebrauch von Videokameras haben oft auch noch einen zus\u00e4tzlichen Schalter, um von Normal auf Tele zu schalten. Durch das Umschalten wird die Richtcharakteristik noch mehr in Richtung Keulencharakteristik ausgerichtet. Oft werden solche Mikrofone auch Zoom-Mikrofone genannt. Der Vorteil dabei ist, dass man je nach Aufnahmesituation unterschiedliche Richtcharakteristiken erh\u00e4lt und noch flexibler ist.<\/p>\n\n\n\n<p>Aber es sollte auch nicht unerw\u00e4hnt bleiben, dass dennoch bei speziellen Mikrofon-Aufnahmesituationen der Gesamtklang auf der Strecke bleiben kann. Man l\u00e4uft schnell Gefahr, dass man unter Umst\u00e4nden auch mal zu starke Nebenger\u00e4usche erh\u00e4lt und unwillk\u00fcrlich den Raumklang zu stark mit einf\u00e4ngt. <\/p>\n\n\n\n<p>Ein Beispiel aus der Praxis zeigt dies deutlich auf: Eine kleine Filmszene in einer Tiefgarage unter Verwendung eines Richtrohr-Mikrofons von etwas weiterer Entfernung (Bild ist dabei auf Weitwinkel gestellt &#8211; deshalb muss auch das Mikrofon weiter weg, damit es nicht ins Bild kommt). <\/p>\n\n\n\n<p>Man wird hier unweigerlich den besonderen Klangcharakter einer Tiefgarage erhalten, darunter kann die Sprachverst\u00e4ndlichkeit des Schauspielers stark leiden. Der eigenwillige Hall der Tiefgarage ist mehr oder weniger ebenso auf der Tonaufnahme verewigt und kann auch nachtr\u00e4glich nat\u00fcrlich nicht mehr weggefiltert werden. Wenn also die Szene mit dem Schauspieler perfekt abgedreht ist, aber man nachher feststellt, der Ton passt nicht und der Schauspieler ist nur schwer zu verstehen &#8211; so fangen die Probleme an. <\/p>\n\n\n\n<p>Hier n\u00fctzt unter Umst\u00e4nden der ganze Aufwand mit Tonangel und perfekt ausgerichtetem Richtrohr-Mikrofon nichts. Besser w\u00fcrde man diese Aufnahmesituation in den Griff bekommen, wenn man ein (verstecktes) Funk-Mikrofon verwenden w\u00fcrde, welches der Schauspieler am Revers seines Anzugs (nat\u00fcrlich unsichtbar f\u00fcr die Kamera) tragen w\u00fcrde. <\/p>\n\n\n\n<p>Sollte der Hall-Effekt f\u00fcr den speziellen Klang einer Tiefgarage letztendlich zu leise sein, so k\u00f6nnte man bei der Nachbearbeitung auch noch etwas Hall dazugeben. Man h\u00e4tte alle M\u00f6glichkeiten bis zum Ende offen und bleibt dennoch sehr flexibel. Eine verpatzte Tonaufnahme mit dem Richtrohr-Mikrofon k\u00f6nnte man auch dadurch retten, indem man diese Filmszene im Studio dann nachsynchronisiert. Dabei entstehen weitere Kosten und doch ein etwas erheblicher Zeitaufwand.<\/p>\n<div class=\"shariff shariff-align-left shariff-widget-align-left\"><ul class=\"shariff-buttons theme-default orientation-horizontal buttonsize-medium\"><li class=\"shariff-button mastodon shariff-nocustomcolor\" style=\"background-color:#563ACC\"><a href=\"https:\/\/s2f.kytta.dev\/?text=Das%20Richtrohr-Mikrofon https%3A%2F%2Fwww.studio-art-design.com%2Fblog%2Fdas-richtrohrmikrofon%2F\" title=\"Bei Mastodon teilen\" aria-label=\"Bei Mastodon teilen\" role=\"button\" rel=\"noopener nofollow\" class=\"shariff-link\" style=\"; background-color:#6364FF; color:#fff\" target=\"_blank\"><span class=\"shariff-icon\" style=\"\"><svg width=\"75\" height=\"79\" viewBox=\"0 0 75 79\" fill=\"none\" xmlns=\"http:\/\/www.w3.org\/2000\/svg\"><path d=\"M37.813-.025C32.462-.058 27.114.13 21.79.598c-8.544.621-17.214 5.58-20.203 13.931C-1.12 23.318.408 32.622.465 41.65c.375 7.316.943 14.78 3.392 21.73 4.365 9.465 14.781 14.537 24.782 15.385 7.64.698 15.761-.213 22.517-4.026a54.1 54.1 0 0 0 .01-6.232c-6.855 1.316-14.101 2.609-21.049 1.074-3.883-.88-6.876-4.237-7.25-8.215-1.53-3.988 3.78-.43 5.584-.883 9.048 1.224 18.282.776 27.303-.462 7.044-.837 14.26-4.788 16.65-11.833 2.263-6.135 1.215-12.79 1.698-19.177.06-3.84.09-7.692-.262-11.52C72.596 7.844 63.223.981 53.834.684a219.453 219.453 0 0 0-16.022-.71zm11.294 12.882c5.5-.067 10.801 4.143 11.67 9.653.338 1.48.471 3 .471 4.515v21.088h-8.357c-.07-7.588.153-15.182-.131-22.765-.587-4.368-7.04-5.747-9.672-2.397-2.422 3.04-1.47 7.155-1.67 10.735v6.392h-8.307c-.146-4.996.359-10.045-.404-15.002-1.108-4.218-7.809-5.565-10.094-1.666-1.685 3.046-.712 6.634-.976 9.936v14.767h-8.354c.109-8.165-.238-16.344.215-24.5.674-5.346 5.095-10.389 10.676-10.627 4.902-.739 10.103 2.038 12.053 6.631.375 1.435 1.76 1.932 1.994.084 1.844-3.704 5.501-6.739 9.785-6.771.367-.044.735-.068 1.101-.073z\"\/><defs><linearGradient id=\"paint0_linear_549_34\" x1=\"37.0692\" y1=\"0\" x2=\"37.0692\" y2=\"79\" gradientUnits=\"userSpaceOnUse\"><stop stop-color=\"#6364FF\"\/><stop offset=\"1\" stop-color=\"#563ACC\"\/><\/linearGradient><\/defs><\/svg><\/span><span class=\"shariff-text\">teilen<\/span>&nbsp;<\/a><\/li><li class=\"shariff-button facebook shariff-nocustomcolor\" style=\"background-color:#4273c8\"><a href=\"https:\/\/www.facebook.com\/sharer\/sharer.php?u=https%3A%2F%2Fwww.studio-art-design.com%2Fblog%2Fdas-richtrohrmikrofon%2F\" title=\"Bei Facebook teilen\" aria-label=\"Bei Facebook teilen\" role=\"button\" rel=\"nofollow\" class=\"shariff-link\" style=\"; background-color:#3b5998; color:#fff\" target=\"_blank\"><span class=\"shariff-icon\" style=\"\"><svg width=\"32px\" height=\"20px\" xmlns=\"http:\/\/www.w3.org\/2000\/svg\" viewBox=\"0 0 18 32\"><path fill=\"#3b5998\" d=\"M17.1 0.2v4.7h-2.8q-1.5 0-2.1 0.6t-0.5 1.9v3.4h5.2l-0.7 5.3h-4.5v13.6h-5.5v-13.6h-4.5v-5.3h4.5v-3.9q0-3.3 1.9-5.2t5-1.8q2.6 0 4.1 0.2z\"\/><\/svg><\/span><span class=\"shariff-text\">teilen<\/span>&nbsp;<\/a><\/li><li class=\"shariff-button linkedin shariff-nocustomcolor\" style=\"background-color:#1488bf\"><a href=\"https:\/\/www.linkedin.com\/sharing\/share-offsite\/?url=https%3A%2F%2Fwww.studio-art-design.com%2Fblog%2Fdas-richtrohrmikrofon%2F\" title=\"Bei LinkedIn teilen\" aria-label=\"Bei LinkedIn teilen\" role=\"button\" rel=\"noopener nofollow\" class=\"shariff-link\" style=\"; background-color:#0077b5; color:#fff\" target=\"_blank\"><span class=\"shariff-icon\" style=\"\"><svg width=\"32px\" height=\"20px\" xmlns=\"http:\/\/www.w3.org\/2000\/svg\" viewBox=\"0 0 27 32\"><path fill=\"#0077b5\" d=\"M6.2 11.2v17.7h-5.9v-17.7h5.9zM6.6 5.7q0 1.3-0.9 2.2t-2.4 0.9h0q-1.5 0-2.4-0.9t-0.9-2.2 0.9-2.2 2.4-0.9 2.4 0.9 0.9 2.2zM27.4 18.7v10.1h-5.9v-9.5q0-1.9-0.7-2.9t-2.3-1.1q-1.1 0-1.9 0.6t-1.2 1.5q-0.2 0.5-0.2 1.4v9.9h-5.9q0-7.1 0-11.6t0-5.3l0-0.9h5.9v2.6h0q0.4-0.6 0.7-1t1-0.9 1.6-0.8 2-0.3q3 0 4.9 2t1.9 6z\"\/><\/svg><\/span><span class=\"shariff-text\">teilen<\/span>&nbsp;<\/a><\/li><li class=\"shariff-button info shariff-nocustomcolor\" style=\"background-color:#eee\"><a href=\"http:\/\/ct.de\/-2467514\" title=\"Weitere Informationen\" aria-label=\"Weitere Informationen\" role=\"button\" rel=\"noopener \" class=\"shariff-link\" style=\"; background-color:#fff; color:#fff\" target=\"_blank\"><span class=\"shariff-icon\" style=\"\"><svg width=\"32px\" height=\"20px\" xmlns=\"http:\/\/www.w3.org\/2000\/svg\" viewBox=\"0 0 11 32\"><path fill=\"#999\" d=\"M11.4 24v2.3q0 0.5-0.3 0.8t-0.8 0.4h-9.1q-0.5 0-0.8-0.4t-0.4-0.8v-2.3q0-0.5 0.4-0.8t0.8-0.4h1.1v-6.8h-1.1q-0.5 0-0.8-0.4t-0.4-0.8v-2.3q0-0.5 0.4-0.8t0.8-0.4h6.8q0.5 0 0.8 0.4t0.4 0.8v10.3h1.1q0.5 0 0.8 0.4t0.3 0.8zM9.2 3.4v3.4q0 0.5-0.4 0.8t-0.8 0.4h-4.6q-0.4 0-0.8-0.4t-0.4-0.8v-3.4q0-0.4 0.4-0.8t0.8-0.4h4.6q0.5 0 0.8 0.4t0.4 0.8z\"\/><\/svg><\/span><\/a><\/li><\/ul><\/div>","protected":false},"excerpt":{"rendered":"<p>Ein Richtrohr-Mikrofon ist technisch aufgebaut wie ein Kondensatormikrofon mit dem einzigen gro\u00dfen Unterschied, dass durch die besondere Bauweise eine ausgepr\u00e4gte[&#8230;]<\/p>\n","protected":false},"author":1,"featured_media":0,"parent":0,"menu_order":0,"comment_status":"closed","ping_status":"closed","template":"","meta":{"footnotes":""},"class_list":["post-190","page","type-page","status-publish","hentry"],"yoast_head":"<!-- This site is optimized with the Yoast SEO plugin v27.6 - https:\/\/yoast.com\/product\/yoast-seo-wordpress\/ -->\n<title>Richtrohr Mikrofon, Tonaufnahme mit Mikrofone, gewu\u00dft wie...<\/title>\n<meta name=\"description\" content=\"Die Tonaufnahme mit der Videokamera muss nicht kompliziert sein. Das Richtrohrmikrofon ist f\u00fcr viele Situationen eine gute Wahtl - check it out: music_blog\" \/>\n<meta name=\"robots\" content=\"index, follow, max-snippet:-1, max-image-preview:large, max-video-preview:-1\" \/>\n<link rel=\"canonical\" href=\"https:\/\/www.studio-art-design.com\/blog\/das-richtrohrmikrofon\/\" \/>\n<meta property=\"og:locale\" content=\"de_DE\" \/>\n<meta property=\"og:type\" content=\"article\" \/>\n<meta property=\"og:title\" content=\"Richtrohr Mikrofon, Tonaufnahme mit Mikrofone, gewu\u00dft wie...\" \/>\n<meta property=\"og:description\" content=\"Die Tonaufnahme mit der Videokamera muss nicht kompliziert sein. Das Richtrohrmikrofon ist f\u00fcr viele Situationen eine gute Wahtl - check it out: music_blog\" \/>\n<meta property=\"og:url\" content=\"https:\/\/www.studio-art-design.com\/blog\/das-richtrohrmikrofon\/\" \/>\n<meta property=\"og:site_name\" content=\"music_blog\" \/>\n<meta property=\"article:modified_time\" content=\"2020-05-30T17:11:11+00:00\" \/>\n<meta name=\"twitter:card\" content=\"summary_large_image\" \/>\n<meta name=\"twitter:label1\" content=\"Gesch\u00e4tzte Lesezeit\" \/>\n\t<meta name=\"twitter:data1\" content=\"4\u00a0Minuten\" \/>\n<script type=\"application\/ld+json\" class=\"yoast-schema-graph\">{\"@context\":\"https:\\\/\\\/schema.org\",\"@graph\":[{\"@type\":\"WebPage\",\"@id\":\"https:\\\/\\\/www.studio-art-design.com\\\/blog\\\/das-richtrohrmikrofon\\\/\",\"url\":\"https:\\\/\\\/www.studio-art-design.com\\\/blog\\\/das-richtrohrmikrofon\\\/\",\"name\":\"Richtrohr Mikrofon, Tonaufnahme mit Mikrofone, gewu\u00dft wie...\",\"isPartOf\":{\"@id\":\"https:\\\/\\\/www.studio-art-design.com\\\/blog\\\/#website\"},\"datePublished\":\"2020-05-29T19:03:45+00:00\",\"dateModified\":\"2020-05-30T17:11:11+00:00\",\"description\":\"Die Tonaufnahme mit der Videokamera muss nicht kompliziert sein. Das Richtrohrmikrofon ist f\u00fcr viele Situationen eine gute Wahtl - check it out: music_blog\",\"breadcrumb\":{\"@id\":\"https:\\\/\\\/www.studio-art-design.com\\\/blog\\\/das-richtrohrmikrofon\\\/#breadcrumb\"},\"inLanguage\":\"de\",\"potentialAction\":[{\"@type\":\"ReadAction\",\"target\":[\"https:\\\/\\\/www.studio-art-design.com\\\/blog\\\/das-richtrohrmikrofon\\\/\"]}]},{\"@type\":\"BreadcrumbList\",\"@id\":\"https:\\\/\\\/www.studio-art-design.com\\\/blog\\\/das-richtrohrmikrofon\\\/#breadcrumb\",\"itemListElement\":[{\"@type\":\"ListItem\",\"position\":1,\"name\":\"Startseite\",\"item\":\"https:\\\/\\\/www.studio-art-design.com\\\/blog\\\/\"},{\"@type\":\"ListItem\",\"position\":2,\"name\":\"Das Richtrohr-Mikrofon\"}]},{\"@type\":\"WebSite\",\"@id\":\"https:\\\/\\\/www.studio-art-design.com\\\/blog\\\/#website\",\"url\":\"https:\\\/\\\/www.studio-art-design.com\\\/blog\\\/\",\"name\":\"music_blog\",\"description\":\"Tonstudiotechnik und Musikproduktionen\",\"publisher\":{\"@id\":\"https:\\\/\\\/www.studio-art-design.com\\\/blog\\\/#organization\"},\"potentialAction\":[{\"@type\":\"SearchAction\",\"target\":{\"@type\":\"EntryPoint\",\"urlTemplate\":\"https:\\\/\\\/www.studio-art-design.com\\\/blog\\\/?s={search_term_string}\"},\"query-input\":{\"@type\":\"PropertyValueSpecification\",\"valueRequired\":true,\"valueName\":\"search_term_string\"}}],\"inLanguage\":\"de\"},{\"@type\":\"Organization\",\"@id\":\"https:\\\/\\\/www.studio-art-design.com\\\/blog\\\/#organization\",\"name\":\"Studio ART & DESIGN\",\"url\":\"https:\\\/\\\/www.studio-art-design.com\\\/blog\\\/\",\"logo\":{\"@type\":\"ImageObject\",\"inLanguage\":\"de\",\"@id\":\"https:\\\/\\\/www.studio-art-design.com\\\/blog\\\/#\\\/schema\\\/logo\\\/image\\\/\",\"url\":\"https:\\\/\\\/www.studio-art-design.com\\\/blog\\\/wp-content\\\/uploads\\\/2020\\\/05\\\/StudioLogo_v2-jpeg-small.jpg\",\"contentUrl\":\"https:\\\/\\\/www.studio-art-design.com\\\/blog\\\/wp-content\\\/uploads\\\/2020\\\/05\\\/StudioLogo_v2-jpeg-small.jpg\",\"width\":515,\"height\":324,\"caption\":\"Studio ART & DESIGN\"},\"image\":{\"@id\":\"https:\\\/\\\/www.studio-art-design.com\\\/blog\\\/#\\\/schema\\\/logo\\\/image\\\/\"}}]}<\/script>\n<!-- \/ Yoast SEO plugin. -->","yoast_head_json":{"title":"Richtrohr Mikrofon, Tonaufnahme mit Mikrofone, gewu\u00dft wie...","description":"Die Tonaufnahme mit der Videokamera muss nicht kompliziert sein. Das Richtrohrmikrofon ist f\u00fcr viele Situationen eine gute Wahtl - check it out: music_blog","robots":{"index":"index","follow":"follow","max-snippet":"max-snippet:-1","max-image-preview":"max-image-preview:large","max-video-preview":"max-video-preview:-1"},"canonical":"https:\/\/www.studio-art-design.com\/blog\/das-richtrohrmikrofon\/","og_locale":"de_DE","og_type":"article","og_title":"Richtrohr Mikrofon, Tonaufnahme mit Mikrofone, gewu\u00dft wie...","og_description":"Die Tonaufnahme mit der Videokamera muss nicht kompliziert sein. Das Richtrohrmikrofon ist f\u00fcr viele Situationen eine gute Wahtl - check it out: music_blog","og_url":"https:\/\/www.studio-art-design.com\/blog\/das-richtrohrmikrofon\/","og_site_name":"music_blog","article_modified_time":"2020-05-30T17:11:11+00:00","twitter_card":"summary_large_image","twitter_misc":{"Gesch\u00e4tzte Lesezeit":"4\u00a0Minuten"},"schema":{"@context":"https:\/\/schema.org","@graph":[{"@type":"WebPage","@id":"https:\/\/www.studio-art-design.com\/blog\/das-richtrohrmikrofon\/","url":"https:\/\/www.studio-art-design.com\/blog\/das-richtrohrmikrofon\/","name":"Richtrohr Mikrofon, Tonaufnahme mit Mikrofone, gewu\u00dft wie...","isPartOf":{"@id":"https:\/\/www.studio-art-design.com\/blog\/#website"},"datePublished":"2020-05-29T19:03:45+00:00","dateModified":"2020-05-30T17:11:11+00:00","description":"Die Tonaufnahme mit der Videokamera muss nicht kompliziert sein. Das Richtrohrmikrofon ist f\u00fcr viele Situationen eine gute Wahtl - check it out: music_blog","breadcrumb":{"@id":"https:\/\/www.studio-art-design.com\/blog\/das-richtrohrmikrofon\/#breadcrumb"},"inLanguage":"de","potentialAction":[{"@type":"ReadAction","target":["https:\/\/www.studio-art-design.com\/blog\/das-richtrohrmikrofon\/"]}]},{"@type":"BreadcrumbList","@id":"https:\/\/www.studio-art-design.com\/blog\/das-richtrohrmikrofon\/#breadcrumb","itemListElement":[{"@type":"ListItem","position":1,"name":"Startseite","item":"https:\/\/www.studio-art-design.com\/blog\/"},{"@type":"ListItem","position":2,"name":"Das Richtrohr-Mikrofon"}]},{"@type":"WebSite","@id":"https:\/\/www.studio-art-design.com\/blog\/#website","url":"https:\/\/www.studio-art-design.com\/blog\/","name":"music_blog","description":"Tonstudiotechnik und Musikproduktionen","publisher":{"@id":"https:\/\/www.studio-art-design.com\/blog\/#organization"},"potentialAction":[{"@type":"SearchAction","target":{"@type":"EntryPoint","urlTemplate":"https:\/\/www.studio-art-design.com\/blog\/?s={search_term_string}"},"query-input":{"@type":"PropertyValueSpecification","valueRequired":true,"valueName":"search_term_string"}}],"inLanguage":"de"},{"@type":"Organization","@id":"https:\/\/www.studio-art-design.com\/blog\/#organization","name":"Studio ART & DESIGN","url":"https:\/\/www.studio-art-design.com\/blog\/","logo":{"@type":"ImageObject","inLanguage":"de","@id":"https:\/\/www.studio-art-design.com\/blog\/#\/schema\/logo\/image\/","url":"https:\/\/www.studio-art-design.com\/blog\/wp-content\/uploads\/2020\/05\/StudioLogo_v2-jpeg-small.jpg","contentUrl":"https:\/\/www.studio-art-design.com\/blog\/wp-content\/uploads\/2020\/05\/StudioLogo_v2-jpeg-small.jpg","width":515,"height":324,"caption":"Studio ART & DESIGN"},"image":{"@id":"https:\/\/www.studio-art-design.com\/blog\/#\/schema\/logo\/image\/"}}]}},"_links":{"self":[{"href":"https:\/\/www.studio-art-design.com\/blog\/wp-json\/wp\/v2\/pages\/190","targetHints":{"allow":["GET"]}}],"collection":[{"href":"https:\/\/www.studio-art-design.com\/blog\/wp-json\/wp\/v2\/pages"}],"about":[{"href":"https:\/\/www.studio-art-design.com\/blog\/wp-json\/wp\/v2\/types\/page"}],"author":[{"embeddable":true,"href":"https:\/\/www.studio-art-design.com\/blog\/wp-json\/wp\/v2\/users\/1"}],"replies":[{"embeddable":true,"href":"https:\/\/www.studio-art-design.com\/blog\/wp-json\/wp\/v2\/comments?post=190"}],"version-history":[{"count":2,"href":"https:\/\/www.studio-art-design.com\/blog\/wp-json\/wp\/v2\/pages\/190\/revisions"}],"predecessor-version":[{"id":194,"href":"https:\/\/www.studio-art-design.com\/blog\/wp-json\/wp\/v2\/pages\/190\/revisions\/194"}],"wp:attachment":[{"href":"https:\/\/www.studio-art-design.com\/blog\/wp-json\/wp\/v2\/media?parent=190"}],"curies":[{"name":"wp","href":"https:\/\/api.w.org\/{rel}","templated":true}]}}